{"id":276,"date":"2021-12-27T14:43:33","date_gmt":"2021-12-27T14:43:33","guid":{"rendered":"https:\/\/pres-is.com\/?post_type=product&#038;p=276"},"modified":"2022-07-28T14:40:38","modified_gmt":"2022-07-28T14:40:38","slug":"40lik-mat-yay-kapakli-kovali-kuzine","status":"publish","type":"product","link":"https:\/\/pres-is.com\/tr\/urun\/40lik-mat-yay-kapakli-kovali-kuzine\/","title":{"rendered":"40\u2019lik Majolik Yay Kapakl\u0131 Kuzine Koval\u0131"},"content":{"rendered":"<p><span class=\"fontstyle0\">Kalite, sorunsuz ger\u00e7ekle\u015fen bir tak\u0131m \u00e7al\u0131\u015fmas\u0131yla ortaya \u00e7\u0131kar. Sorunsuz ger\u00e7ekle\u015fen tak\u0131m \u00e7al\u0131\u015fmas\u0131da ancak kaliteli bir ekip ile olur.<\/span><\/p>\n","protected":false},"excerpt":{"rendered":"<p><span class=\"fontstyle0\"><strong>KOVALI KUZINELER<\/strong><\/span><\/p>\n<p><strong>PR 103<\/strong><\/p>\n<p><span class=\"fontstyle0\">Y\u00fckseklik: 65 cm.<br \/>\nGeni\u015flik: 78cm.<br \/>\nDerinlik: 42cm.<\/span><\/p>\n","protected":false},"featured_media":267,"comment_status":"closed","ping_status":"closed","template":"","meta":[],"product_cat":[33],"product_tag":[],"yoast_head":"<!-- This site is optimized with the Yoast SEO plugin v20.4 - https:\/\/yoast.com\/wordpress\/plugins\/seo\/ -->\r\n<title>40\u2019lik Majolik Yay Kapakl\u0131 Kuzine Koval\u0131 - S\u0131cak Dostunuz<\/title>\r\n<meta name=\"robots\" content=\"index, follow, max-snippet:-1, max-image-preview:large, max-video-preview:-1\" \/>\r\n<link rel=\"canonical\" href=\"https:\/\/pres-is.com\/tr\/urun\/40lik-mat-yay-kapakli-kovali-kuzine\/\" \/>\r\n<meta property=\"og:locale\" content=\"tr_TR\" \/>\r\n<meta property=\"og:type\" content=\"article\" \/>\r\n<meta property=\"og:title\" content=\"[:tr]40\u2019lik Majolik Yay Kapakl\u0131 Kuzine Koval\u0131[:en]40s Majolica Kitchen Stove with Spring Clamp Made of Sheet Iron[:de]40er Majolika K\u00fcchenherd mit Federklappe aus Blech[:] - S\u0131cak Dostunuz\" \/>\r\n<meta property=\"og:description\" content=\"[:tr]KOVALI KUZINELER  PR 103  Y\u00fckseklik: 65 cm. Geni\u015flik: 78cm. Derinlik: 42cm.[:en]COOKING STOVES  PR 103  Height: 65 cm. Width: 78cm. Depth: 42cm.[:de]K\u00dcCHENHERDE\u00a0  PR 103  H\u00f6he: 65 cm. Breite: 78cm. Tiefe: 42cm.[:]\" \/>\r\n<meta property=\"og:url\" content=\"https:\/\/pres-is.com\/tr\/urun\/40lik-mat-yay-kapakli-kovali-kuzine\/\" \/>\r\n<meta property=\"og:site_name\" content=\"S\u0131cak Dostunuz\" \/>\r\n<meta property=\"article:modified_time\" content=\"2022-07-28T14:40:38+00:00\" \/>\r\n<meta property=\"og:image\" content=\"https:\/\/pres-is.com\/wp-content\/uploads\/2021\/12\/47-Majolik-Yay-Kapakli-Kuzine-Kovali-1.png\" \/>\r\n\t<meta property=\"og:image:width\" content=\"960\" \/>\r\n\t<meta property=\"og:image:height\" content=\"720\" \/>\r\n\t<meta property=\"og:image:type\" content=\"image\/png\" \/>\r\n<meta name=\"twitter:card\" content=\"summary_large_image\" \/>\r\n<script type=\"application\/ld+json\" class=\"yoast-schema-graph\">{\"@context\":\"https:\/\/schema.org\",\"@graph\":[{\"@type\":\"WebPage\",\"@id\":\"https:\/\/pres-is.com\/tr\/urun\/40lik-mat-yay-kapakli-kovali-kuzine\/\",\"url\":\"https:\/\/pres-is.com\/tr\/urun\/40lik-mat-yay-kapakli-kovali-kuzine\/\",\"name\":\"[:tr]40\u2019lik Majolik Yay Kapakl\u0131 Kuzine Koval\u0131[:en]40s Majolica Kitchen Stove with Spring Clamp Made of Sheet Iron[:de]40er Majolika K\u00fcchenherd mit Federklappe aus Blech[:] - S\u0131cak Dostunuz\",\"isPartOf\":{\"@id\":\"https:\/\/pres-is.com\/tr\/#website\"},\"datePublished\":\"2021-12-27T14:43:33+00:00\",\"dateModified\":\"2022-07-28T14:40:38+00:00\",\"breadcrumb\":{\"@id\":\"https:\/\/pres-is.com\/tr\/urun\/40lik-mat-yay-kapakli-kovali-kuzine\/#breadcrumb\"},\"inLanguage\":\"tr\",\"potentialAction\":[{\"@type\":\"ReadAction\",\"target\":[\"https:\/\/pres-is.com\/tr\/urun\/40lik-mat-yay-kapakli-kovali-kuzine\/\"]}]},{\"@type\":\"BreadcrumbList\",\"@id\":\"https:\/\/pres-is.com\/tr\/urun\/40lik-mat-yay-kapakli-kovali-kuzine\/#breadcrumb\",\"itemListElement\":[{\"@type\":\"ListItem\",\"position\":1,\"name\":\"Anasayfa\",\"item\":\"https:\/\/pres-is.com\/\"},{\"@type\":\"ListItem\",\"position\":2,\"name\":\"Ma\u011faza\",\"item\":\"https:\/\/pres-is.com\/en\/magaza\/\"},{\"@type\":\"ListItem\",\"position\":3,\"name\":\"40\u2019lik Majolik Yay Kapakl\u0131 Kuzine Koval\u0131\"}]},{\"@type\":\"WebSite\",\"@id\":\"https:\/\/pres-is.com\/tr\/#website\",\"url\":\"https:\/\/pres-is.com\/tr\/\",\"name\":\"S\u0131cak Dostunuz\",\"description\":\"\u00dcretim Zaman\u0131\",\"potentialAction\":[{\"@type\":\"SearchAction\",\"target\":{\"@type\":\"EntryPoint\",\"urlTemplate\":\"https:\/\/pres-is.com\/tr\/?s={search_term_string}\"},\"query-input\":\"required name=search_term_string\"}],\"inLanguage\":\"tr\"}]}<\/script>\r\n<!-- \/ Yoast SEO plugin. -->","yoast_head_json":{"title":"[:tr]40\u2019lik Majolik Yay Kapakl\u0131 Kuzine Koval\u0131[:en]40s Majolica Kitchen Stove with Spring Clamp Made of Sheet Iron[:de]40er Majolika K\u00fcchenherd mit Federklappe aus Blech[:] - S\u0131cak Dostunuz","robots":{"index":"index","follow":"follow","max-snippet":"max-snippet:-1","max-image-preview":"max-image-preview:large","max-video-preview":"max-video-preview:-1"},"canonical":"https:\/\/pres-is.com\/tr\/urun\/40lik-mat-yay-kapakli-kovali-kuzine\/","og_locale":"tr_TR","og_type":"article","og_title":"[:tr]40\u2019lik Majolik Yay Kapakl\u0131 Kuzine Koval\u0131[:en]40s Majolica Kitchen Stove with Spring Clamp Made of Sheet Iron[:de]40er Majolika K\u00fcchenherd mit Federklappe aus Blech[:] - S\u0131cak Dostunuz","og_description":"[:tr]KOVALI KUZINELER  PR 103  Y\u00fckseklik: 65 cm. Geni\u015flik: 78cm. Derinlik: 42cm.[:en]COOKING STOVES  PR 103  Height: 65 cm. Width: 78cm. Depth: 42cm.[:de]K\u00dcCHENHERDE\u00a0  PR 103  H\u00f6he: 65 cm. Breite: 78cm. Tiefe: 42cm.[:]","og_url":"https:\/\/pres-is.com\/tr\/urun\/40lik-mat-yay-kapakli-kovali-kuzine\/","og_site_name":"S\u0131cak Dostunuz","article_modified_time":"2022-07-28T14:40:38+00:00","og_image":[{"width":960,"height":720,"url":"https:\/\/pres-is.com\/wp-content\/uploads\/2021\/12\/47-Majolik-Yay-Kapakli-Kuzine-Kovali-1.png","type":"image\/png"}],"twitter_card":"summary_large_image","schema":{"@context":"https:\/\/schema.org","@graph":[{"@type":"WebPage","@id":"https:\/\/pres-is.com\/tr\/urun\/40lik-mat-yay-kapakli-kovali-kuzine\/","url":"https:\/\/pres-is.com\/tr\/urun\/40lik-mat-yay-kapakli-kovali-kuzine\/","name":"[:tr]40\u2019lik Majolik Yay Kapakl\u0131 Kuzine Koval\u0131[:en]40s Majolica Kitchen Stove with Spring Clamp Made of Sheet Iron[:de]40er Majolika K\u00fcchenherd mit Federklappe aus Blech[:] - S\u0131cak Dostunuz","isPartOf":{"@id":"https:\/\/pres-is.com\/tr\/#website"},"datePublished":"2021-12-27T14:43:33+00:00","dateModified":"2022-07-28T14:40:38+00:00","breadcrumb":{"@id":"https:\/\/pres-is.com\/tr\/urun\/40lik-mat-yay-kapakli-kovali-kuzine\/#breadcrumb"},"inLanguage":"tr","potentialAction":[{"@type":"ReadAction","target":["https:\/\/pres-is.com\/tr\/urun\/40lik-mat-yay-kapakli-kovali-kuzine\/"]}]},{"@type":"BreadcrumbList","@id":"https:\/\/pres-is.com\/tr\/urun\/40lik-mat-yay-kapakli-kovali-kuzine\/#breadcrumb","itemListElement":[{"@type":"ListItem","position":1,"name":"Anasayfa","item":"https:\/\/pres-is.com\/"},{"@type":"ListItem","position":2,"name":"Ma\u011faza","item":"https:\/\/pres-is.com\/en\/magaza\/"},{"@type":"ListItem","position":3,"name":"40\u2019lik Majolik Yay Kapakl\u0131 Kuzine Koval\u0131"}]},{"@type":"WebSite","@id":"https:\/\/pres-is.com\/tr\/#website","url":"https:\/\/pres-is.com\/tr\/","name":"S\u0131cak Dostunuz","description":"\u00dcretim Zaman\u0131","potentialAction":[{"@type":"SearchAction","target":{"@type":"EntryPoint","urlTemplate":"https:\/\/pres-is.com\/tr\/?s={search_term_string}"},"query-input":"required name=search_term_string"}],"inLanguage":"tr"}]}},"_links":{"self":[{"href":"https:\/\/pres-is.com\/tr\/wp-json\/wp\/v2\/product\/276"}],"collection":[{"href":"https:\/\/pres-is.com\/tr\/wp-json\/wp\/v2\/product"}],"about":[{"href":"https:\/\/pres-is.com\/tr\/wp-json\/wp\/v2\/types\/product"}],"replies":[{"embeddable":true,"href":"https:\/\/pres-is.com\/tr\/wp-json\/wp\/v2\/comments?post=276"}],"wp:featuredmedia":[{"embeddable":true,"href":"https:\/\/pres-is.com\/tr\/wp-json\/wp\/v2\/media\/267"}],"wp:attachment":[{"href":"https:\/\/pres-is.com\/tr\/wp-json\/wp\/v2\/media?parent=276"}],"wp:term":[{"taxonomy":"product_cat","embeddable":true,"href":"https:\/\/pres-is.com\/tr\/wp-json\/wp\/v2\/product_cat?post=276"},{"taxonomy":"product_tag","embeddable":true,"href":"https:\/\/pres-is.com\/tr\/wp-json\/wp\/v2\/product_tag?post=276"}],"curies":[{"name":"wp","href":"https:\/\/api.w.org\/{rel}","templated":true}]}}