{"id":256,"date":"2021-12-27T09:59:27","date_gmt":"2021-12-27T09:59:27","guid":{"rendered":"https:\/\/pres-is.com\/?post_type=product&#038;p=256"},"modified":"2022-07-28T14:43:56","modified_gmt":"2022-07-28T14:43:56","slug":"mat-camli-pacali-dokum-kuzine-50lik","status":"publish","type":"product","link":"https:\/\/pres-is.com\/tr\/urun\/mat-camli-pacali-dokum-kuzine-50lik\/","title":{"rendered":"50\u2019lik Mat Caml\u0131 Pa\u00e7al\u0131 D\u00f6k\u00fcm Kuzine"},"content":{"rendered":"<p><span class=\"fontstyle0\">DO\u011eA VARSA,B\u0130Z VARIZ<br \/>\nM\u00fchendislik \u00e7al\u0131\u015fmalar\u0131m\u0131z\u0131, Karbondioksit ve ince toz sal\u0131n\u0131m\u0131n\u0131 en aza indirmek i\u00e7in ayr\u0131ca Sobalar\u0131m\u0131z\u0131n en d\u00fc\u015f\u00fck miktarda yakacak kullan\u0131lmas\u0131na uygun \u015fekilde tasarl\u0131yoruz.<br \/>\nB\u00f6ylelikle hem Ormanlar\u0131m\u0131z\u0131,\u00c7evremizi hem de Nefesimizi koruyoruz.<\/span><\/p>\n","protected":false},"excerpt":{"rendered":"<p><strong>PA\u00c7ALI D\u00d6K\u00dcM KUZ\u0130NE<\/strong><\/p>\n<p><strong>PR 303M<\/strong><\/p>\n<p><span class=\"fontstyle0\">Y\u00fckseklik: 55 cm.<br \/>\nGeni\u015flik: 89cm.<br \/>\nDerinlik: 55cm.<\/span><\/p>\n","protected":false},"featured_media":253,"comment_status":"closed","ping_status":"closed","template":"","meta":[],"product_cat":[33,19],"product_tag":[],"yoast_head":"<!-- This site is optimized with the Yoast SEO plugin v20.4 - https:\/\/yoast.com\/wordpress\/plugins\/seo\/ -->\r\n<title>50\u2019lik Mat Caml\u0131 Pa\u00e7al\u0131 D\u00f6k\u00fcm Kuzine - S\u0131cak Dostunuz<\/title>\r\n<meta name=\"robots\" content=\"index, follow, max-snippet:-1, max-image-preview:large, max-video-preview:-1\" \/>\r\n<link rel=\"canonical\" href=\"https:\/\/pres-is.com\/tr\/urun\/mat-camli-pacali-dokum-kuzine-50lik\/\" \/>\r\n<meta property=\"og:locale\" content=\"tr_TR\" \/>\r\n<meta property=\"og:type\" content=\"article\" \/>\r\n<meta property=\"og:title\" content=\"[:tr]50\u2019lik Mat Caml\u0131 Pa\u00e7al\u0131 D\u00f6k\u00fcm Kuzine[:en]50s Standing Stove Matt with Glass Lid Cast[:de]50er Standherd Matt mit Glasdeckel aus Guss[:] - S\u0131cak Dostunuz\" \/>\r\n<meta property=\"og:description\" content=\"[:tr]PA\u00c7ALI D\u00d6K\u00dcM KUZ\u0130NE  PR 303M  Y\u00fckseklik: 55 cm. Geni\u015flik: 89cm. Derinlik: 55cm.[:en]&nbsp;  CAST STOVES  PR 303M  Height: 55 cm. Width: 89cm. Depth: 55cm.[:de]     STANDHERDE AUS GUSS  PR 303M  H\u00f6he: 55 cm. Breite: 89cm. Tiefe: 55cm.     [:]\" \/>\r\n<meta property=\"og:url\" content=\"https:\/\/pres-is.com\/tr\/urun\/mat-camli-pacali-dokum-kuzine-50lik\/\" \/>\r\n<meta property=\"og:site_name\" content=\"S\u0131cak Dostunuz\" \/>\r\n<meta property=\"article:modified_time\" content=\"2022-07-28T14:43:56+00:00\" \/>\r\n<meta property=\"og:image\" content=\"https:\/\/pres-is.com\/wp-content\/uploads\/2021\/12\/50-Mat-Camli-pacali-dokum-kuzine-1.png\" \/>\r\n\t<meta property=\"og:image:width\" content=\"960\" \/>\r\n\t<meta property=\"og:image:height\" content=\"720\" \/>\r\n\t<meta property=\"og:image:type\" content=\"image\/png\" \/>\r\n<meta name=\"twitter:card\" content=\"summary_large_image\" \/>\r\n<script type=\"application\/ld+json\" class=\"yoast-schema-graph\">{\"@context\":\"https:\/\/schema.org\",\"@graph\":[{\"@type\":\"WebPage\",\"@id\":\"https:\/\/pres-is.com\/tr\/urun\/mat-camli-pacali-dokum-kuzine-50lik\/\",\"url\":\"https:\/\/pres-is.com\/tr\/urun\/mat-camli-pacali-dokum-kuzine-50lik\/\",\"name\":\"[:tr]50\u2019lik Mat Caml\u0131 Pa\u00e7al\u0131 D\u00f6k\u00fcm Kuzine[:en]50s Standing Stove Matt with Glass Lid Cast[:de]50er Standherd Matt mit Glasdeckel aus Guss[:] - S\u0131cak Dostunuz\",\"isPartOf\":{\"@id\":\"https:\/\/pres-is.com\/tr\/#website\"},\"datePublished\":\"2021-12-27T09:59:27+00:00\",\"dateModified\":\"2022-07-28T14:43:56+00:00\",\"breadcrumb\":{\"@id\":\"https:\/\/pres-is.com\/tr\/urun\/mat-camli-pacali-dokum-kuzine-50lik\/#breadcrumb\"},\"inLanguage\":\"tr\",\"potentialAction\":[{\"@type\":\"ReadAction\",\"target\":[\"https:\/\/pres-is.com\/tr\/urun\/mat-camli-pacali-dokum-kuzine-50lik\/\"]}]},{\"@type\":\"BreadcrumbList\",\"@id\":\"https:\/\/pres-is.com\/tr\/urun\/mat-camli-pacali-dokum-kuzine-50lik\/#breadcrumb\",\"itemListElement\":[{\"@type\":\"ListItem\",\"position\":1,\"name\":\"Anasayfa\",\"item\":\"https:\/\/pres-is.com\/\"},{\"@type\":\"ListItem\",\"position\":2,\"name\":\"Ma\u011faza\",\"item\":\"https:\/\/pres-is.com\/en\/magaza\/\"},{\"@type\":\"ListItem\",\"position\":3,\"name\":\"50\u2019lik Mat Caml\u0131 Pa\u00e7al\u0131 D\u00f6k\u00fcm Kuzine\"}]},{\"@type\":\"WebSite\",\"@id\":\"https:\/\/pres-is.com\/tr\/#website\",\"url\":\"https:\/\/pres-is.com\/tr\/\",\"name\":\"S\u0131cak Dostunuz\",\"description\":\"\u00dcretim Zaman\u0131\",\"potentialAction\":[{\"@type\":\"SearchAction\",\"target\":{\"@type\":\"EntryPoint\",\"urlTemplate\":\"https:\/\/pres-is.com\/tr\/?s={search_term_string}\"},\"query-input\":\"required name=search_term_string\"}],\"inLanguage\":\"tr\"}]}<\/script>\r\n<!-- \/ Yoast SEO plugin. -->","yoast_head_json":{"title":"[:tr]50\u2019lik Mat Caml\u0131 Pa\u00e7al\u0131 D\u00f6k\u00fcm Kuzine[:en]50s Standing Stove Matt with Glass Lid Cast[:de]50er Standherd Matt mit Glasdeckel aus Guss[:] - S\u0131cak Dostunuz","robots":{"index":"index","follow":"follow","max-snippet":"max-snippet:-1","max-image-preview":"max-image-preview:large","max-video-preview":"max-video-preview:-1"},"canonical":"https:\/\/pres-is.com\/tr\/urun\/mat-camli-pacali-dokum-kuzine-50lik\/","og_locale":"tr_TR","og_type":"article","og_title":"[:tr]50\u2019lik Mat Caml\u0131 Pa\u00e7al\u0131 D\u00f6k\u00fcm Kuzine[:en]50s Standing Stove Matt with Glass Lid Cast[:de]50er Standherd Matt mit Glasdeckel aus Guss[:] - S\u0131cak Dostunuz","og_description":"[:tr]PA\u00c7ALI D\u00d6K\u00dcM KUZ\u0130NE  PR 303M  Y\u00fckseklik: 55 cm. Geni\u015flik: 89cm. Derinlik: 55cm.[:en]&nbsp;  CAST STOVES  PR 303M  Height: 55 cm. Width: 89cm. Depth: 55cm.[:de]     STANDHERDE AUS GUSS  PR 303M  H\u00f6he: 55 cm. Breite: 89cm. Tiefe: 55cm.     [:]","og_url":"https:\/\/pres-is.com\/tr\/urun\/mat-camli-pacali-dokum-kuzine-50lik\/","og_site_name":"S\u0131cak Dostunuz","article_modified_time":"2022-07-28T14:43:56+00:00","og_image":[{"width":960,"height":720,"url":"https:\/\/pres-is.com\/wp-content\/uploads\/2021\/12\/50-Mat-Camli-pacali-dokum-kuzine-1.png","type":"image\/png"}],"twitter_card":"summary_large_image","schema":{"@context":"https:\/\/schema.org","@graph":[{"@type":"WebPage","@id":"https:\/\/pres-is.com\/tr\/urun\/mat-camli-pacali-dokum-kuzine-50lik\/","url":"https:\/\/pres-is.com\/tr\/urun\/mat-camli-pacali-dokum-kuzine-50lik\/","name":"[:tr]50\u2019lik Mat Caml\u0131 Pa\u00e7al\u0131 D\u00f6k\u00fcm Kuzine[:en]50s Standing Stove Matt with Glass Lid Cast[:de]50er Standherd Matt mit Glasdeckel aus Guss[:] - S\u0131cak Dostunuz","isPartOf":{"@id":"https:\/\/pres-is.com\/tr\/#website"},"datePublished":"2021-12-27T09:59:27+00:00","dateModified":"2022-07-28T14:43:56+00:00","breadcrumb":{"@id":"https:\/\/pres-is.com\/tr\/urun\/mat-camli-pacali-dokum-kuzine-50lik\/#breadcrumb"},"inLanguage":"tr","potentialAction":[{"@type":"ReadAction","target":["https:\/\/pres-is.com\/tr\/urun\/mat-camli-pacali-dokum-kuzine-50lik\/"]}]},{"@type":"BreadcrumbList","@id":"https:\/\/pres-is.com\/tr\/urun\/mat-camli-pacali-dokum-kuzine-50lik\/#breadcrumb","itemListElement":[{"@type":"ListItem","position":1,"name":"Anasayfa","item":"https:\/\/pres-is.com\/"},{"@type":"ListItem","position":2,"name":"Ma\u011faza","item":"https:\/\/pres-is.com\/en\/magaza\/"},{"@type":"ListItem","position":3,"name":"50\u2019lik Mat Caml\u0131 Pa\u00e7al\u0131 D\u00f6k\u00fcm Kuzine"}]},{"@type":"WebSite","@id":"https:\/\/pres-is.com\/tr\/#website","url":"https:\/\/pres-is.com\/tr\/","name":"S\u0131cak Dostunuz","description":"\u00dcretim Zaman\u0131","potentialAction":[{"@type":"SearchAction","target":{"@type":"EntryPoint","urlTemplate":"https:\/\/pres-is.com\/tr\/?s={search_term_string}"},"query-input":"required name=search_term_string"}],"inLanguage":"tr"}]}},"_links":{"self":[{"href":"https:\/\/pres-is.com\/tr\/wp-json\/wp\/v2\/product\/256"}],"collection":[{"href":"https:\/\/pres-is.com\/tr\/wp-json\/wp\/v2\/product"}],"about":[{"href":"https:\/\/pres-is.com\/tr\/wp-json\/wp\/v2\/types\/product"}],"replies":[{"embeddable":true,"href":"https:\/\/pres-is.com\/tr\/wp-json\/wp\/v2\/comments?post=256"}],"wp:featuredmedia":[{"embeddable":true,"href":"https:\/\/pres-is.com\/tr\/wp-json\/wp\/v2\/media\/253"}],"wp:attachment":[{"href":"https:\/\/pres-is.com\/tr\/wp-json\/wp\/v2\/media?parent=256"}],"wp:term":[{"taxonomy":"product_cat","embeddable":true,"href":"https:\/\/pres-is.com\/tr\/wp-json\/wp\/v2\/product_cat?post=256"},{"taxonomy":"product_tag","embeddable":true,"href":"https:\/\/pres-is.com\/tr\/wp-json\/wp\/v2\/product_tag?post=256"}],"curies":[{"name":"wp","href":"https:\/\/api.w.org\/{rel}","templated":true}]}}