{"id":175,"date":"2021-12-23T17:44:14","date_gmt":"2021-12-23T14:44:14","guid":{"rendered":"https:\/\/pres-is.com\/?page_id=175"},"modified":"2022-08-02T14:53:09","modified_gmt":"2022-08-02T14:53:09","slug":"ekoloji-ve-surdurulebilirlik","status":"publish","type":"page","link":"https:\/\/pres-is.com\/tr\/ekoloji-ve-surdurulebilirlik\/","title":{"rendered":"EKOLOJ\u0130 VE S\u00dcRD\u00dcREB\u0130L\u0130RL\u0130K"},"content":{"rendered":"<p>[vc_row][vc_column][\/vc_column][\/vc_row][vc_row css=&#8221;.vc_custom_1659080305861{padding-top: 1.5em !important;}&#8221;][vc_column][vc_row_inner css=&#8221;.vc_custom_1659080395629{margin-bottom: 0px !important;border-bottom-width: 0px !important;}&#8221;][vc_column_inner width=&#8221;1\/2&#8243; css=&#8221;.vc_custom_1640781611665{padding-top: 4.5em !important;}&#8221;][vc_column_text]<\/p>\n<h1 style=\"text-align: center;\"><strong>DO\u011eA VARSA,<\/strong><br \/>\nB\u0130Z VARIZ&#8230;<\/h1>\n<p style=\"text-align: center;\"><strong>M\u00fchendislik \u00e7al\u0131\u015fmalar\u0131m\u0131z\u0131, karbondioksit ve ince toz sal\u0131n\u0131m\u0131n\u0131 en aza indirmek i\u00e7in ayr\u0131ca sobalar\u0131m\u0131z\u0131n en d\u00fc\u015f\u00fck miktarda yakacak kullan\u0131lmas\u0131na uygun \u015fekilde tasarl\u0131yoruz.<\/strong><br \/>\n<strong>B\u00f6ylelikle hem ormanlar\u0131m\u0131z\u0131, \u00e7evremizi hemde nefesimiz koruyoruz.<\/strong><\/p>\n<p style=\"text-align: center;\"><span class=\"fontstyle0\">Ekolojik sistemin en az oranda etkilenmesine ve kirlenmesine \u00f6ncelik vermeyi temel de\u011ferimiz olarak kabul ediyoruz.<\/span><\/p>\n<p style=\"text-align: center;\"><span class=\"fontstyle0\">Mevcut y\u00f6netmelik ve mevzuatlara uyarak, sobalar\u0131m\u0131z\u0131n \u00e7evreye ve sa\u011fl\u0131ya zararl\u0131 gazlar\u0131 salg\u0131lamas\u0131n\u0131 en aza indirmek i\u00e7in tasar\u0131m\u0131ndan \u00fcretimin en son raddesine kadar g\u00fcncel teknolojileri kullanmaktay\u0131z.<\/span><\/p>\n<p style=\"text-align: center;\"><span class=\"fontstyle0\">\u00c7evreyi koruma ve kirlili\u011fi \u00f6nlemede s\u00fcrekli iyile\u015ftirme sa\u011flayarak d\u00fcnyay\u0131 teslim edece\u011fimiz nesillerimize temiz bir \u00e7evre b\u0131rakmay\u0131 en \u00f6nemli sorumlulu\u011fumuz olarak benimsedik.<\/span><\/p>\n<p>[\/vc_column_text][\/vc_column_inner][vc_column_inner width=&#8221;1\/2&#8243;][vc_single_image image=&#8221;411&#8243; img_size=&#8221;full&#8221; alignment=&#8221;center&#8221;][\/vc_column_inner][\/vc_row_inner][\/vc_column][\/vc_row][vc_row full_width=&#8221;stretch_row_content&#8221; gap=&#8221;10&#8243; css=&#8221;.vc_custom_1659450725664{padding-top: 50px !important;background-image: url(https:\/\/pres-is.com\/wp-content\/uploads\/2022\/01\/bg-alt-01.jpg?id=484) !important;background-position: center !important;background-repeat: no-repeat !important;background-size: cover !important;}&#8221;][vc_column][vc_row_inner][vc_column_inner width=&#8221;1\/4&#8243;][vc_custom_heading text=&#8221;PRES \u0130\u015e SOBALAR&#8221; font_container=&#8221;tag:p|font_size:25|text_align:left|color:%232aa97a&#8221; use_theme_fonts=&#8221;yes&#8221;][vc_wp_custommenu nav_menu=&#8221;43&#8243;][\/vc_column_inner][vc_column_inner width=&#8221;1\/4&#8243;][vc_custom_heading text=&#8221;\u00dcR\u00dcN KATEGOR\u0130LER\u0130&#8221; font_container=&#8221;tag:p|font_size:25|text_align:left|color:%232aa97a&#8221; use_theme_fonts=&#8221;yes&#8221;][vc_wp_custommenu nav_menu=&#8221;44&#8243;][\/vc_column_inner][vc_column_inner width=&#8221;1\/4&#8243;][vc_custom_heading text=&#8221;PRES \u0130\u015e&#8221; font_container=&#8221;tag:p|font_size:25|text_align:left|color:%232aa97a&#8221; use_theme_fonts=&#8221;yes&#8221;][vc_wp_custommenu nav_menu=&#8221;42&#8243;][\/vc_column_inner][vc_column_inner width=&#8221;1\/4&#8243;][vc_single_image image=&#8221;122&#8243; img_size=&#8221;full&#8221; alignment=&#8221;center&#8221;][vc_column_text]<span style=\"color: #ffffff;\">Biz Soba \u00fcretmeye 66 y\u0131l \u00f6nce ba\u015flad\u0131k. Bug\u00fcn 3. Jenerasyon devrald\u0131 ve g\u00fcnden g\u00fcnde inovatif Teknolojilerle \u201cGeleneksel Soba\u201d \u00fcretimine, bu Sanata katk\u0131 sunmaya devam ediyoruz.<\/span>[\/vc_column_text][\/vc_column_inner][\/vc_row_inner][vc_column_text]<\/p>\n<p style=\"text-align: center;\"><span style=\"color: #ffffff;\">\u00a9 Copyright 2021 PRES-\u0130\u015e ISI C\u0130HAZLARI SAN. ve T\u0130C. LTD. \u015eT\u0130 | T\u00fcm Haklar\u0131 Sakl\u0131d\u0131r.<\/span><\/p>\n<p>[\/vc_column_text][vc_separator color=&#8221;custom&#8221; style=&#8221;dotted&#8221; border_width=&#8221;2&#8243; el_width=&#8221;90&#8243; accent_color=&#8221;#2aa97a&#8221;][\/vc_column][\/vc_row]<\/p>","protected":false},"excerpt":{"rendered":"<p>[vc_row][vc_column][\/vc_column][\/vc_row][vc_row css=&#8221;.vc_custom_1659080305861{padding-top: 1.5em !important;}&#8221;][vc_column][vc_row_inner css=&#8221;.vc_custom_1659080395629{margin-bottom: 0px !important;border-bottom-width: 0px !important;}&#8221;][vc_column_inner width=&#8221;1\/2&#8243; css=&#8221;.vc_custom_1640781611665{padding-top: 4.5em !important;}&#8221;][vc_column_text] DO\u011eA VARSA, B\u0130Z VARIZ&#8230; M\u00fchendislik \u00e7al\u0131\u015fmalar\u0131m\u0131z\u0131, karbondioksit ve ince toz sal\u0131n\u0131m\u0131n\u0131 en aza<span class=\"excerpt-hellip\"> [\u2026]<\/span><\/p>\n","protected":false},"author":2,"featured_media":0,"parent":0,"menu_order":0,"comment_status":"closed","ping_status":"closed","template":"","meta":[],"yoast_head":"<!-- This site is optimized with the Yoast SEO plugin v20.4 - https:\/\/yoast.com\/wordpress\/plugins\/seo\/ -->\r\n<title>EKOLOJ\u0130 VE S\u00dcRD\u00dcREB\u0130L\u0130RL\u0130K - S\u0131cak Dostunuz<\/title>\r\n<meta name=\"robots\" content=\"index, follow, max-snippet:-1, max-image-preview:large, max-video-preview:-1\" \/>\r\n<link rel=\"canonical\" href=\"https:\/\/pres-is.com\/ekoloji-ve-surdurulebilirlik\/\" \/>\r\n<meta property=\"og:locale\" content=\"tr_TR\" \/>\r\n<meta property=\"og:type\" content=\"article\" \/>\r\n<meta property=\"og:title\" content=\"[:tr]EKOLOJ\u0130 VE S\u00dcRD\u00dcREB\u0130L\u0130RL\u0130K[:en]ECOLOGY &amp; SUSTAINABILITY:[:de]\u00d6KOLOGIE UND NACHHALTIGKEIT[:] - S\u0131cak Dostunuz\" \/>\r\n<meta property=\"og:description\" content=\"[vc_row][vc_column][\/vc_column][\/vc_row][vc_row css=&#8221;.vc_custom_1659080305861{padding-top: 1.5em !important;}&#8221;][vc_column][vc_row_inner css=&#8221;.vc_custom_1659080395629{margin-bottom: 0px !important;border-bottom-width: 0px !important;}&#8221;][vc_column_inner width=&#8221;1\/2&#8243; css=&#8221;.vc_custom_1640781611665{padding-top: 4.5em !important;}&#8221;][vc_column_text] DO\u011eA VARSA, B\u0130Z VARIZ&#8230; M\u00fchendislik \u00e7al\u0131\u015fmalar\u0131m\u0131z\u0131, karbondioksit ve ince toz sal\u0131n\u0131m\u0131n\u0131 en aza [\u2026]\" \/>\r\n<meta property=\"og:url\" content=\"https:\/\/pres-is.com\/ekoloji-ve-surdurulebilirlik\/\" \/>\r\n<meta property=\"og:site_name\" content=\"S\u0131cak Dostunuz\" \/>\r\n<meta property=\"article:modified_time\" content=\"2022-08-02T14:53:09+00:00\" \/>\r\n<meta name=\"twitter:card\" content=\"summary_large_image\" \/>\r\n<meta name=\"twitter:label1\" content=\"Tahmini okuma s\u00fcresi\" \/>\n\t<meta name=\"twitter:data1\" content=\"2 dakika\" \/>\r\n<script type=\"application\/ld+json\" class=\"yoast-schema-graph\">{\"@context\":\"https:\/\/schema.org\",\"@graph\":[{\"@type\":\"WebPage\",\"@id\":\"https:\/\/pres-is.com\/ekoloji-ve-surdurulebilirlik\/\",\"url\":\"https:\/\/pres-is.com\/ekoloji-ve-surdurulebilirlik\/\",\"name\":\"[:tr]EKOLOJ\u0130 VE S\u00dcRD\u00dcREB\u0130L\u0130RL\u0130K[:en]ECOLOGY & SUSTAINABILITY:[:de]\u00d6KOLOGIE UND NACHHALTIGKEIT[:] - S\u0131cak Dostunuz\",\"isPartOf\":{\"@id\":\"https:\/\/pres-is.com\/tr\/#website\"},\"datePublished\":\"2021-12-23T14:44:14+00:00\",\"dateModified\":\"2022-08-02T14:53:09+00:00\",\"breadcrumb\":{\"@id\":\"https:\/\/pres-is.com\/ekoloji-ve-surdurulebilirlik\/#breadcrumb\"},\"inLanguage\":\"tr\",\"potentialAction\":[{\"@type\":\"ReadAction\",\"target\":[\"https:\/\/pres-is.com\/ekoloji-ve-surdurulebilirlik\/\"]}]},{\"@type\":\"BreadcrumbList\",\"@id\":\"https:\/\/pres-is.com\/ekoloji-ve-surdurulebilirlik\/#breadcrumb\",\"itemListElement\":[{\"@type\":\"ListItem\",\"position\":1,\"name\":\"Anasayfa\",\"item\":\"https:\/\/pres-is.com\/\"},{\"@type\":\"ListItem\",\"position\":2,\"name\":\"EKOLOJ\u0130 VE S\u00dcRD\u00dcREB\u0130L\u0130RL\u0130K\"}]},{\"@type\":\"WebSite\",\"@id\":\"https:\/\/pres-is.com\/tr\/#website\",\"url\":\"https:\/\/pres-is.com\/tr\/\",\"name\":\"S\u0131cak Dostunuz\",\"description\":\"\u00dcretim Zaman\u0131\",\"potentialAction\":[{\"@type\":\"SearchAction\",\"target\":{\"@type\":\"EntryPoint\",\"urlTemplate\":\"https:\/\/pres-is.com\/tr\/?s={search_term_string}\"},\"query-input\":\"required name=search_term_string\"}],\"inLanguage\":\"tr\"}]}<\/script>\r\n<!-- \/ Yoast SEO plugin. -->","yoast_head_json":{"title":"[:tr]EKOLOJ\u0130 VE S\u00dcRD\u00dcREB\u0130L\u0130RL\u0130K[:en]ECOLOGY & SUSTAINABILITY:[:de]\u00d6KOLOGIE UND NACHHALTIGKEIT[:] - S\u0131cak Dostunuz","robots":{"index":"index","follow":"follow","max-snippet":"max-snippet:-1","max-image-preview":"max-image-preview:large","max-video-preview":"max-video-preview:-1"},"canonical":"https:\/\/pres-is.com\/ekoloji-ve-surdurulebilirlik\/","og_locale":"tr_TR","og_type":"article","og_title":"[:tr]EKOLOJ\u0130 VE S\u00dcRD\u00dcREB\u0130L\u0130RL\u0130K[:en]ECOLOGY & SUSTAINABILITY:[:de]\u00d6KOLOGIE UND NACHHALTIGKEIT[:] - S\u0131cak Dostunuz","og_description":"[vc_row][vc_column][\/vc_column][\/vc_row][vc_row css=&#8221;.vc_custom_1659080305861{padding-top: 1.5em !important;}&#8221;][vc_column][vc_row_inner css=&#8221;.vc_custom_1659080395629{margin-bottom: 0px !important;border-bottom-width: 0px !important;}&#8221;][vc_column_inner width=&#8221;1\/2&#8243; css=&#8221;.vc_custom_1640781611665{padding-top: 4.5em !important;}&#8221;][vc_column_text] DO\u011eA VARSA, B\u0130Z VARIZ&#8230; M\u00fchendislik \u00e7al\u0131\u015fmalar\u0131m\u0131z\u0131, karbondioksit ve ince toz sal\u0131n\u0131m\u0131n\u0131 en aza [\u2026]","og_url":"https:\/\/pres-is.com\/ekoloji-ve-surdurulebilirlik\/","og_site_name":"S\u0131cak Dostunuz","article_modified_time":"2022-08-02T14:53:09+00:00","twitter_card":"summary_large_image","twitter_misc":{"Tahmini okuma s\u00fcresi":"2 dakika"},"schema":{"@context":"https:\/\/schema.org","@graph":[{"@type":"WebPage","@id":"https:\/\/pres-is.com\/ekoloji-ve-surdurulebilirlik\/","url":"https:\/\/pres-is.com\/ekoloji-ve-surdurulebilirlik\/","name":"[:tr]EKOLOJ\u0130 VE S\u00dcRD\u00dcREB\u0130L\u0130RL\u0130K[:en]ECOLOGY & SUSTAINABILITY:[:de]\u00d6KOLOGIE UND NACHHALTIGKEIT[:] - S\u0131cak Dostunuz","isPartOf":{"@id":"https:\/\/pres-is.com\/tr\/#website"},"datePublished":"2021-12-23T14:44:14+00:00","dateModified":"2022-08-02T14:53:09+00:00","breadcrumb":{"@id":"https:\/\/pres-is.com\/ekoloji-ve-surdurulebilirlik\/#breadcrumb"},"inLanguage":"tr","potentialAction":[{"@type":"ReadAction","target":["https:\/\/pres-is.com\/ekoloji-ve-surdurulebilirlik\/"]}]},{"@type":"BreadcrumbList","@id":"https:\/\/pres-is.com\/ekoloji-ve-surdurulebilirlik\/#breadcrumb","itemListElement":[{"@type":"ListItem","position":1,"name":"Anasayfa","item":"https:\/\/pres-is.com\/"},{"@type":"ListItem","position":2,"name":"EKOLOJ\u0130 VE S\u00dcRD\u00dcREB\u0130L\u0130RL\u0130K"}]},{"@type":"WebSite","@id":"https:\/\/pres-is.com\/tr\/#website","url":"https:\/\/pres-is.com\/tr\/","name":"S\u0131cak Dostunuz","description":"\u00dcretim Zaman\u0131","potentialAction":[{"@type":"SearchAction","target":{"@type":"EntryPoint","urlTemplate":"https:\/\/pres-is.com\/tr\/?s={search_term_string}"},"query-input":"required name=search_term_string"}],"inLanguage":"tr"}]}},"_links":{"self":[{"href":"https:\/\/pres-is.com\/tr\/wp-json\/wp\/v2\/pages\/175"}],"collection":[{"href":"https:\/\/pres-is.com\/tr\/wp-json\/wp\/v2\/pages"}],"about":[{"href":"https:\/\/pres-is.com\/tr\/wp-json\/wp\/v2\/types\/page"}],"author":[{"embeddable":true,"href":"https:\/\/pres-is.com\/tr\/wp-json\/wp\/v2\/users\/2"}],"replies":[{"embeddable":true,"href":"https:\/\/pres-is.com\/tr\/wp-json\/wp\/v2\/comments?post=175"}],"version-history":[{"count":26,"href":"https:\/\/pres-is.com\/tr\/wp-json\/wp\/v2\/pages\/175\/revisions"}],"predecessor-version":[{"id":1038,"href":"https:\/\/pres-is.com\/tr\/wp-json\/wp\/v2\/pages\/175\/revisions\/1038"}],"wp:attachment":[{"href":"https:\/\/pres-is.com\/tr\/wp-json\/wp\/v2\/media?parent=175"}],"curies":[{"name":"wp","href":"https:\/\/api.w.org\/{rel}","templated":true}]}}