{"id":171,"date":"2021-12-23T17:19:32","date_gmt":"2021-12-23T14:19:32","guid":{"rendered":"https:\/\/pres-is.com\/?page_id=171"},"modified":"2022-08-02T07:59:01","modified_gmt":"2022-08-02T07:59:01","slug":"degerlerimiz","status":"publish","type":"page","link":"https:\/\/pres-is.com\/tr\/degerlerimiz\/","title":{"rendered":"DE\u011eERLER\u0130M\u0130Z"},"content":{"rendered":"<p>[vc_row][vc_column][vc_column_text][\/vc_column_text][\/vc_column][\/vc_row][vc_row css=&#8221;.vc_custom_1659082674742{padding-top: 50px !important;}&#8221;][vc_column][vc_row_inner][vc_column_inner width=&#8221;1\/2&#8243;][vc_single_image image=&#8221;403&#8243; img_size=&#8221;full&#8221; alignment=&#8221;center&#8221; style=&#8221;vc_box_rounded&#8221;][\/vc_column_inner][vc_column_inner width=&#8221;1\/2&#8243; css=&#8221;.vc_custom_1659082897465{padding-top: 10px !important;}&#8221;][vc_column_text]<\/p>\n<h1 style=\"text-align: center;\"><span class=\"fontstyle0\"><strong>DE\u011eERLER\u0130M\u0130Z\u0130,<\/strong><br \/>\n<\/span><span class=\"fontstyle0\">YA\u015eAMAK VE YA\u015eATMAK<\/span><\/h1>\n<p style=\"text-align: center;\"><strong><span class=\"fontstyle0\">Arzulad\u0131\u011f\u0131m\u0131z kaliteye ula\u015fabilmek, ancak etik kurallara riayet ederek ve do\u011fam\u0131z\u0131 koruyarak ger\u00e7ekle\u015fir. <\/span><span class=\"fontstyle0\">Sa\u011fl\u0131kl\u0131 bir i\u015f ortam\u0131, temiz bir \u00e7evre, %100 kazan\u0131lm\u0131\u015f bir m\u00fc\u015fteri memnuniyeti do\u011fru yolda oldu\u011fumuzun i\u015faretidir.<\/span><\/strong><\/p>\n<p style=\"text-align: center;\"><span class=\"fontstyle0\">Kuruldu\u011fumuz 1955 y\u0131l\u0131ndan itibaren sadece evlerinizi \u0131s\u0131tmak de\u011fil, as\u0131l amac\u0131m\u0131z kalbinizi \u0131s\u0131tmak.<\/span><\/p>\n<p style=\"text-align: center;\"><span class=\"fontstyle0\">Sobalar\u0131m\u0131z\u0131n tasar\u0131m\u0131ndan son vidan\u0131n s\u0131k\u0131lmas\u0131na kadar son teknolojileri kullanmay\u0131 tercih ediyoruz. B\u00f6ylelikle karbondioksit sal\u0131n\u0131m\u0131n\u0131 en d\u00fc\u015f\u00fck seviyede tutup, tozlar\u0131n ve k\u00fcllerin yay\u0131lmas\u0131n\u0131 engelleyerek sa\u011fl\u0131\u011f\u0131n\u0131z\u0131 sizin kadar \u00f6nemsiyoruz.<\/span><\/p>\n<p style=\"text-align: center;\"><span class=\"fontstyle0\">Biliyoruz, sa\u011fl\u0131kl\u0131 ko\u015fullar \u00e7er\u00e7evesinde geleneksel soba \u00fcretmek kolay de\u011fil, lakin memnuniyetiniz ve yapt\u0131\u011f\u0131m\u0131z i\u015fi a\u015fkla yapma \u015fevkimiz bizi motive ediyor.<\/span><\/p>\n<p>[\/vc_column_text][\/vc_column_inner][\/vc_row_inner][\/vc_column][\/vc_row][vc_row full_width=&#8221;stretch_row_content&#8221; gap=&#8221;10&#8243; css=&#8221;.vc_custom_1641050889428{padding-top: 50px !important;background-image: url(https:\/\/pres-is.com\/wp-content\/uploads\/2022\/01\/bg-alt-01.jpg?id=484) !important;background-position: center !important;background-repeat: no-repeat !important;background-size: cover !important;}&#8221;][vc_column][vc_row_inner][vc_column_inner width=&#8221;1\/4&#8243;][vc_custom_heading text=&#8221;PRES-\u0130\u015e SOBALAR&#8221; font_container=&#8221;tag:p|font_size:25|text_align:left|color:%2329a97a&#8221; use_theme_fonts=&#8221;yes&#8221;][vc_wp_custommenu nav_menu=&#8221;43&#8243; el_class=&#8221;altmenustyle&#8221;][\/vc_column_inner][vc_column_inner width=&#8221;1\/4&#8243;][vc_custom_heading text=&#8221;\u00dcR\u00dcN KATEGOR\u0130LER\u0130&#8221; font_container=&#8221;tag:p|font_size:25|text_align:left|color:%2329a97a&#8221; use_theme_fonts=&#8221;yes&#8221;][vc_wp_custommenu nav_menu=&#8221;44&#8243;][\/vc_column_inner][vc_column_inner width=&#8221;1\/4&#8243;][vc_custom_heading text=&#8221;PRES-\u0130\u015e&#8221; font_container=&#8221;tag:p|font_size:25|text_align:left|color:%2329a97a&#8221; use_theme_fonts=&#8221;yes&#8221;][vc_wp_custommenu nav_menu=&#8221;42&#8243;][\/vc_column_inner][vc_column_inner width=&#8221;1\/4&#8243;][vc_single_image image=&#8221;122&#8243; img_size=&#8221;full&#8221; alignment=&#8221;center&#8221;][vc_column_text]<span style=\"color: #ffffff;\">Biz Soba \u00fcretmeye 66 y\u0131l \u00f6nce ba\u015flad\u0131k. Bug\u00fcn 3. Jenerasyon devrald\u0131 ve g\u00fcnden g\u00fcnde inovatif Teknolojilerle \u201cGeleneksel Soba\u201d \u00fcretimine, bu Sanata katk\u0131 sunmaya devam ediyoruz.<\/span>[\/vc_column_text][\/vc_column_inner][\/vc_row_inner][vc_separator color=&#8221;custom&#8221; style=&#8221;dotted&#8221; border_width=&#8221;2&#8243; el_width=&#8221;90&#8243; accent_color=&#8221;#2aa97a&#8221;][vc_column_text]<\/p>\n<p style=\"text-align: center;\"><span style=\"color: #ffffff;\">\u00a9 Copyright 2021 PRES-\u0130\u015e ISI C\u0130HAZLARI SAN. ve T\u0130C. LTD. \u015eT\u0130 | T\u00fcm Haklar\u0131 Sakl\u0131d\u0131r.<\/span><\/p>\n<p>[\/vc_column_text][\/vc_column][\/vc_row]<\/p>","protected":false},"excerpt":{"rendered":"<p>[vc_row][vc_column][vc_column_text][\/vc_column_text][\/vc_column][\/vc_row][vc_row css=&#8221;.vc_custom_1659082674742{padding-top: 50px !important;}&#8221;][vc_column][vc_row_inner][vc_column_inner width=&#8221;1\/2&#8243;][vc_single_image image=&#8221;403&#8243; img_size=&#8221;full&#8221; alignment=&#8221;center&#8221; style=&#8221;vc_box_rounded&#8221;][\/vc_column_inner][vc_column_inner width=&#8221;1\/2&#8243; css=&#8221;.vc_custom_1659082897465{padding-top: 10px !important;}&#8221;][vc_column_text] DE\u011eERLER\u0130M\u0130Z\u0130, YA\u015eAMAK VE YA\u015eATMAK Arzulad\u0131\u011f\u0131m\u0131z kaliteye ula\u015fabilmek, ancak etik kurallara riayet ederek ve<span class=\"excerpt-hellip\"> [\u2026]<\/span><\/p>\n","protected":false},"author":2,"featured_media":0,"parent":0,"menu_order":0,"comment_status":"closed","ping_status":"closed","template":"","meta":[],"yoast_head":"<!-- This site is optimized with the Yoast SEO plugin v20.4 - https:\/\/yoast.com\/wordpress\/plugins\/seo\/ -->\r\n<title>DE\u011eERLER\u0130M\u0130Z - S\u0131cak Dostunuz<\/title>\r\n<meta name=\"robots\" content=\"index, follow, max-snippet:-1, max-image-preview:large, max-video-preview:-1\" \/>\r\n<link rel=\"canonical\" href=\"https:\/\/pres-is.com\/degerlerimiz\/\" \/>\r\n<meta property=\"og:locale\" content=\"tr_TR\" \/>\r\n<meta property=\"og:type\" content=\"article\" \/>\r\n<meta property=\"og:title\" content=\"[:tr]DE\u011eERLER\u0130M\u0130Z[:en]OUR VALUES [:de]UNSERE WERTE[:] - S\u0131cak Dostunuz\" \/>\r\n<meta property=\"og:description\" content=\"[vc_row][vc_column][vc_column_text][\/vc_column_text][\/vc_column][\/vc_row][vc_row css=&#8221;.vc_custom_1659082674742{padding-top: 50px !important;}&#8221;][vc_column][vc_row_inner][vc_column_inner width=&#8221;1\/2&#8243;][vc_single_image image=&#8221;403&#8243; img_size=&#8221;full&#8221; alignment=&#8221;center&#8221; style=&#8221;vc_box_rounded&#8221;][\/vc_column_inner][vc_column_inner width=&#8221;1\/2&#8243; css=&#8221;.vc_custom_1659082897465{padding-top: 10px !important;}&#8221;][vc_column_text] DE\u011eERLER\u0130M\u0130Z\u0130, YA\u015eAMAK VE YA\u015eATMAK Arzulad\u0131\u011f\u0131m\u0131z kaliteye ula\u015fabilmek, ancak etik kurallara riayet ederek ve [\u2026]\" \/>\r\n<meta property=\"og:url\" content=\"https:\/\/pres-is.com\/degerlerimiz\/\" \/>\r\n<meta property=\"og:site_name\" content=\"S\u0131cak Dostunuz\" \/>\r\n<meta property=\"article:modified_time\" content=\"2022-08-02T07:59:01+00:00\" \/>\r\n<meta name=\"twitter:card\" content=\"summary_large_image\" \/>\r\n<meta name=\"twitter:label1\" content=\"Tahmini okuma s\u00fcresi\" \/>\n\t<meta name=\"twitter:data1\" content=\"2 dakika\" \/>\r\n<script type=\"application\/ld+json\" class=\"yoast-schema-graph\">{\"@context\":\"https:\/\/schema.org\",\"@graph\":[{\"@type\":\"WebPage\",\"@id\":\"https:\/\/pres-is.com\/degerlerimiz\/\",\"url\":\"https:\/\/pres-is.com\/degerlerimiz\/\",\"name\":\"[:tr]DE\u011eERLER\u0130M\u0130Z[:en]OUR VALUES [:de]UNSERE WERTE[:] - S\u0131cak Dostunuz\",\"isPartOf\":{\"@id\":\"https:\/\/pres-is.com\/tr\/#website\"},\"datePublished\":\"2021-12-23T14:19:32+00:00\",\"dateModified\":\"2022-08-02T07:59:01+00:00\",\"breadcrumb\":{\"@id\":\"https:\/\/pres-is.com\/degerlerimiz\/#breadcrumb\"},\"inLanguage\":\"tr\",\"potentialAction\":[{\"@type\":\"ReadAction\",\"target\":[\"https:\/\/pres-is.com\/degerlerimiz\/\"]}]},{\"@type\":\"BreadcrumbList\",\"@id\":\"https:\/\/pres-is.com\/degerlerimiz\/#breadcrumb\",\"itemListElement\":[{\"@type\":\"ListItem\",\"position\":1,\"name\":\"Anasayfa\",\"item\":\"https:\/\/pres-is.com\/\"},{\"@type\":\"ListItem\",\"position\":2,\"name\":\"DE\u011eERLER\u0130M\u0130Z\"}]},{\"@type\":\"WebSite\",\"@id\":\"https:\/\/pres-is.com\/tr\/#website\",\"url\":\"https:\/\/pres-is.com\/tr\/\",\"name\":\"S\u0131cak Dostunuz\",\"description\":\"\u00dcretim Zaman\u0131\",\"potentialAction\":[{\"@type\":\"SearchAction\",\"target\":{\"@type\":\"EntryPoint\",\"urlTemplate\":\"https:\/\/pres-is.com\/tr\/?s={search_term_string}\"},\"query-input\":\"required name=search_term_string\"}],\"inLanguage\":\"tr\"}]}<\/script>\r\n<!-- \/ Yoast SEO plugin. -->","yoast_head_json":{"title":"[:tr]DE\u011eERLER\u0130M\u0130Z[:en]OUR VALUES [:de]UNSERE WERTE[:] - S\u0131cak Dostunuz","robots":{"index":"index","follow":"follow","max-snippet":"max-snippet:-1","max-image-preview":"max-image-preview:large","max-video-preview":"max-video-preview:-1"},"canonical":"https:\/\/pres-is.com\/degerlerimiz\/","og_locale":"tr_TR","og_type":"article","og_title":"[:tr]DE\u011eERLER\u0130M\u0130Z[:en]OUR VALUES [:de]UNSERE WERTE[:] - S\u0131cak Dostunuz","og_description":"[vc_row][vc_column][vc_column_text][\/vc_column_text][\/vc_column][\/vc_row][vc_row css=&#8221;.vc_custom_1659082674742{padding-top: 50px !important;}&#8221;][vc_column][vc_row_inner][vc_column_inner width=&#8221;1\/2&#8243;][vc_single_image image=&#8221;403&#8243; img_size=&#8221;full&#8221; alignment=&#8221;center&#8221; style=&#8221;vc_box_rounded&#8221;][\/vc_column_inner][vc_column_inner width=&#8221;1\/2&#8243; css=&#8221;.vc_custom_1659082897465{padding-top: 10px !important;}&#8221;][vc_column_text] DE\u011eERLER\u0130M\u0130Z\u0130, YA\u015eAMAK VE YA\u015eATMAK Arzulad\u0131\u011f\u0131m\u0131z kaliteye ula\u015fabilmek, ancak etik kurallara riayet ederek ve [\u2026]","og_url":"https:\/\/pres-is.com\/degerlerimiz\/","og_site_name":"S\u0131cak Dostunuz","article_modified_time":"2022-08-02T07:59:01+00:00","twitter_card":"summary_large_image","twitter_misc":{"Tahmini okuma s\u00fcresi":"2 dakika"},"schema":{"@context":"https:\/\/schema.org","@graph":[{"@type":"WebPage","@id":"https:\/\/pres-is.com\/degerlerimiz\/","url":"https:\/\/pres-is.com\/degerlerimiz\/","name":"[:tr]DE\u011eERLER\u0130M\u0130Z[:en]OUR VALUES [:de]UNSERE WERTE[:] - S\u0131cak Dostunuz","isPartOf":{"@id":"https:\/\/pres-is.com\/tr\/#website"},"datePublished":"2021-12-23T14:19:32+00:00","dateModified":"2022-08-02T07:59:01+00:00","breadcrumb":{"@id":"https:\/\/pres-is.com\/degerlerimiz\/#breadcrumb"},"inLanguage":"tr","potentialAction":[{"@type":"ReadAction","target":["https:\/\/pres-is.com\/degerlerimiz\/"]}]},{"@type":"BreadcrumbList","@id":"https:\/\/pres-is.com\/degerlerimiz\/#breadcrumb","itemListElement":[{"@type":"ListItem","position":1,"name":"Anasayfa","item":"https:\/\/pres-is.com\/"},{"@type":"ListItem","position":2,"name":"DE\u011eERLER\u0130M\u0130Z"}]},{"@type":"WebSite","@id":"https:\/\/pres-is.com\/tr\/#website","url":"https:\/\/pres-is.com\/tr\/","name":"S\u0131cak Dostunuz","description":"\u00dcretim Zaman\u0131","potentialAction":[{"@type":"SearchAction","target":{"@type":"EntryPoint","urlTemplate":"https:\/\/pres-is.com\/tr\/?s={search_term_string}"},"query-input":"required name=search_term_string"}],"inLanguage":"tr"}]}},"_links":{"self":[{"href":"https:\/\/pres-is.com\/tr\/wp-json\/wp\/v2\/pages\/171"}],"collection":[{"href":"https:\/\/pres-is.com\/tr\/wp-json\/wp\/v2\/pages"}],"about":[{"href":"https:\/\/pres-is.com\/tr\/wp-json\/wp\/v2\/types\/page"}],"author":[{"embeddable":true,"href":"https:\/\/pres-is.com\/tr\/wp-json\/wp\/v2\/users\/2"}],"replies":[{"embeddable":true,"href":"https:\/\/pres-is.com\/tr\/wp-json\/wp\/v2\/comments?post=171"}],"version-history":[{"count":46,"href":"https:\/\/pres-is.com\/tr\/wp-json\/wp\/v2\/pages\/171\/revisions"}],"predecessor-version":[{"id":1022,"href":"https:\/\/pres-is.com\/tr\/wp-json\/wp\/v2\/pages\/171\/revisions\/1022"}],"wp:attachment":[{"href":"https:\/\/pres-is.com\/tr\/wp-json\/wp\/v2\/media?parent=171"}],"curies":[{"name":"wp","href":"https:\/\/api.w.org\/{rel}","templated":true}]}}