{"id":258,"date":"2021-12-27T10:18:06","date_gmt":"2021-12-27T10:18:06","guid":{"rendered":"https:\/\/pres-is.com\/?post_type=product&#038;p=258"},"modified":"2022-07-28T14:43:37","modified_gmt":"2022-07-28T14:43:37","slug":"majolik-yay-kapakli-kuzine-kovali-40lik","status":"publish","type":"product","link":"https:\/\/pres-is.com\/en\/urun\/majolik-yay-kapakli-kuzine-kovali-40lik\/","title":{"rendered":"40s Majolica Kitchen Stove with Spring Clamp Made of Sheet Iron"},"content":{"rendered":"<p><span class=\"fontstyle0\">Kalite, sorunsuz ger\u00e7ekle\u015fen bir tak\u0131m \u00e7al\u0131\u015fmas\u0131yla ortaya \u00e7\u0131kar. Sorunsuz ger\u00e7ekle\u015fen tak\u0131m \u00e7al\u0131\u015fmas\u0131da ancak kaliteli bir ekip ile olur.<\/span><\/p>\n","protected":false},"excerpt":{"rendered":"<p><span class=\"fontstyle0\"><strong>COOKING STOVES<\/strong><\/span><\/p>\n<p><strong>PR 103M<\/strong><\/p>\n<p><span class=\"fontstyle0\">Height: 65 cm.<br \/>\nWidth: 78cm.<br \/>\nDepth: 42cm.<\/span><\/p>\n","protected":false},"featured_media":265,"comment_status":"closed","ping_status":"closed","template":"","meta":[],"product_cat":[33],"product_tag":[],"yoast_head":"<!-- This site is optimized with the Yoast SEO plugin v20.4 - https:\/\/yoast.com\/wordpress\/plugins\/seo\/ -->\r\n<title>40s Majolica Kitchen Stove with Spring Clamp Made of Sheet Iron - S\u0131cak Dostunuz<\/title>\r\n<meta name=\"robots\" content=\"index, follow, max-snippet:-1, max-image-preview:large, max-video-preview:-1\" \/>\r\n<link rel=\"canonical\" href=\"https:\/\/pres-is.com\/urun\/majolik-yay-kapakli-kuzine-kovali-40lik\/\" \/>\r\n<meta property=\"og:locale\" content=\"en_US\" \/>\r\n<meta property=\"og:type\" content=\"article\" \/>\r\n<meta property=\"og:title\" content=\"[:tr]40\u2019l\u0131k Mat Yay Kapakl\u0131 Koval\u0131 Kuzine[:en]40s Majolica Kitchen Stove with Spring Clamp Made of Sheet Iron[:de]40er Matt K\u00fcchenherd mit Federklappe aus Blech[:] - S\u0131cak Dostunuz\" \/>\r\n<meta property=\"og:description\" content=\"[:tr]KOVALI KUZ\u0130NELER  PR 103M  Y\u00fckseklik: 65 cm. Geni\u015flik: 78cm. Derinlik: 42cm.[:en]COOKING STOVES  PR 103M  Height: 65 cm. Width: 78cm. Depth: 42cm.[:de]K\u00dcCHENHERDE  PR 103M  H\u00f6he: 65 cm. Breite: 78cm. Tiefe: 42cm.[:]\" \/>\r\n<meta property=\"og:url\" content=\"https:\/\/pres-is.com\/urun\/majolik-yay-kapakli-kuzine-kovali-40lik\/\" \/>\r\n<meta property=\"og:site_name\" content=\"S\u0131cak Dostunuz\" \/>\r\n<meta property=\"article:modified_time\" content=\"2022-07-28T14:43:37+00:00\" \/>\r\n<meta property=\"og:image\" content=\"https:\/\/pres-is.com\/wp-content\/uploads\/2021\/12\/40-Mat-Yay-Kapakli-Kuzine-Kovali-1.png\" \/>\r\n\t<meta property=\"og:image:width\" content=\"960\" \/>\r\n\t<meta property=\"og:image:height\" content=\"720\" \/>\r\n\t<meta property=\"og:image:type\" content=\"image\/png\" \/>\r\n<meta name=\"twitter:card\" content=\"summary_large_image\" \/>\r\n<script type=\"application\/ld+json\" class=\"yoast-schema-graph\">{\"@context\":\"https:\/\/schema.org\",\"@graph\":[{\"@type\":\"WebPage\",\"@id\":\"https:\/\/pres-is.com\/urun\/majolik-yay-kapakli-kuzine-kovali-40lik\/\",\"url\":\"https:\/\/pres-is.com\/urun\/majolik-yay-kapakli-kuzine-kovali-40lik\/\",\"name\":\"[:tr]40\u2019l\u0131k Mat Yay Kapakl\u0131 Koval\u0131 Kuzine[:en]40s Majolica Kitchen Stove with Spring Clamp Made of Sheet Iron[:de]40er Matt K\u00fcchenherd mit Federklappe aus Blech[:] - S\u0131cak Dostunuz\",\"isPartOf\":{\"@id\":\"https:\/\/pres-is.com\/tr\/#website\"},\"datePublished\":\"2021-12-27T10:18:06+00:00\",\"dateModified\":\"2022-07-28T14:43:37+00:00\",\"breadcrumb\":{\"@id\":\"https:\/\/pres-is.com\/urun\/majolik-yay-kapakli-kuzine-kovali-40lik\/#breadcrumb\"},\"inLanguage\":\"en-US\",\"potentialAction\":[{\"@type\":\"ReadAction\",\"target\":[\"https:\/\/pres-is.com\/urun\/majolik-yay-kapakli-kuzine-kovali-40lik\/\"]}]},{\"@type\":\"BreadcrumbList\",\"@id\":\"https:\/\/pres-is.com\/urun\/majolik-yay-kapakli-kuzine-kovali-40lik\/#breadcrumb\",\"itemListElement\":[{\"@type\":\"ListItem\",\"position\":1,\"name\":\"Anasayfa\",\"item\":\"https:\/\/pres-is.com\/\"},{\"@type\":\"ListItem\",\"position\":2,\"name\":\"Ma\u011faza\",\"item\":\"https:\/\/pres-is.com\/en\/magaza\/\"},{\"@type\":\"ListItem\",\"position\":3,\"name\":\"40\u2019l\u0131k Mat Yay Kapakl\u0131 Koval\u0131 Kuzine\"}]},{\"@type\":\"WebSite\",\"@id\":\"https:\/\/pres-is.com\/tr\/#website\",\"url\":\"https:\/\/pres-is.com\/tr\/\",\"name\":\"S\u0131cak Dostunuz\",\"description\":\"\u00dcretim Zaman\u0131\",\"potentialAction\":[{\"@type\":\"SearchAction\",\"target\":{\"@type\":\"EntryPoint\",\"urlTemplate\":\"https:\/\/pres-is.com\/tr\/?s={search_term_string}\"},\"query-input\":\"required name=search_term_string\"}],\"inLanguage\":\"en-US\"}]}<\/script>\r\n<!-- \/ Yoast SEO plugin. -->","yoast_head_json":{"title":"[:tr]40\u2019l\u0131k Mat Yay Kapakl\u0131 Koval\u0131 Kuzine[:en]40s Majolica Kitchen Stove with Spring Clamp Made of Sheet Iron[:de]40er Matt K\u00fcchenherd mit Federklappe aus Blech[:] - S\u0131cak Dostunuz","robots":{"index":"index","follow":"follow","max-snippet":"max-snippet:-1","max-image-preview":"max-image-preview:large","max-video-preview":"max-video-preview:-1"},"canonical":"https:\/\/pres-is.com\/urun\/majolik-yay-kapakli-kuzine-kovali-40lik\/","og_locale":"en_US","og_type":"article","og_title":"[:tr]40\u2019l\u0131k Mat Yay Kapakl\u0131 Koval\u0131 Kuzine[:en]40s Majolica Kitchen Stove with Spring Clamp Made of Sheet Iron[:de]40er Matt K\u00fcchenherd mit Federklappe aus Blech[:] - S\u0131cak Dostunuz","og_description":"[:tr]KOVALI KUZ\u0130NELER  PR 103M  Y\u00fckseklik: 65 cm. Geni\u015flik: 78cm. Derinlik: 42cm.[:en]COOKING STOVES  PR 103M  Height: 65 cm. Width: 78cm. Depth: 42cm.[:de]K\u00dcCHENHERDE  PR 103M  H\u00f6he: 65 cm. Breite: 78cm. Tiefe: 42cm.[:]","og_url":"https:\/\/pres-is.com\/urun\/majolik-yay-kapakli-kuzine-kovali-40lik\/","og_site_name":"S\u0131cak Dostunuz","article_modified_time":"2022-07-28T14:43:37+00:00","og_image":[{"width":960,"height":720,"url":"https:\/\/pres-is.com\/wp-content\/uploads\/2021\/12\/40-Mat-Yay-Kapakli-Kuzine-Kovali-1.png","type":"image\/png"}],"twitter_card":"summary_large_image","schema":{"@context":"https:\/\/schema.org","@graph":[{"@type":"WebPage","@id":"https:\/\/pres-is.com\/urun\/majolik-yay-kapakli-kuzine-kovali-40lik\/","url":"https:\/\/pres-is.com\/urun\/majolik-yay-kapakli-kuzine-kovali-40lik\/","name":"[:tr]40\u2019l\u0131k Mat Yay Kapakl\u0131 Koval\u0131 Kuzine[:en]40s Majolica Kitchen Stove with Spring Clamp Made of Sheet Iron[:de]40er Matt K\u00fcchenherd mit Federklappe aus Blech[:] - S\u0131cak Dostunuz","isPartOf":{"@id":"https:\/\/pres-is.com\/tr\/#website"},"datePublished":"2021-12-27T10:18:06+00:00","dateModified":"2022-07-28T14:43:37+00:00","breadcrumb":{"@id":"https:\/\/pres-is.com\/urun\/majolik-yay-kapakli-kuzine-kovali-40lik\/#breadcrumb"},"inLanguage":"en-US","potentialAction":[{"@type":"ReadAction","target":["https:\/\/pres-is.com\/urun\/majolik-yay-kapakli-kuzine-kovali-40lik\/"]}]},{"@type":"BreadcrumbList","@id":"https:\/\/pres-is.com\/urun\/majolik-yay-kapakli-kuzine-kovali-40lik\/#breadcrumb","itemListElement":[{"@type":"ListItem","position":1,"name":"Anasayfa","item":"https:\/\/pres-is.com\/"},{"@type":"ListItem","position":2,"name":"Ma\u011faza","item":"https:\/\/pres-is.com\/en\/magaza\/"},{"@type":"ListItem","position":3,"name":"40\u2019l\u0131k Mat Yay Kapakl\u0131 Koval\u0131 Kuzine"}]},{"@type":"WebSite","@id":"https:\/\/pres-is.com\/tr\/#website","url":"https:\/\/pres-is.com\/tr\/","name":"S\u0131cak Dostunuz","description":"\u00dcretim Zaman\u0131","potentialAction":[{"@type":"SearchAction","target":{"@type":"EntryPoint","urlTemplate":"https:\/\/pres-is.com\/tr\/?s={search_term_string}"},"query-input":"required name=search_term_string"}],"inLanguage":"en-US"}]}},"_links":{"self":[{"href":"https:\/\/pres-is.com\/en\/wp-json\/wp\/v2\/product\/258"}],"collection":[{"href":"https:\/\/pres-is.com\/en\/wp-json\/wp\/v2\/product"}],"about":[{"href":"https:\/\/pres-is.com\/en\/wp-json\/wp\/v2\/types\/product"}],"replies":[{"embeddable":true,"href":"https:\/\/pres-is.com\/en\/wp-json\/wp\/v2\/comments?post=258"}],"wp:featuredmedia":[{"embeddable":true,"href":"https:\/\/pres-is.com\/en\/wp-json\/wp\/v2\/media\/265"}],"wp:attachment":[{"href":"https:\/\/pres-is.com\/en\/wp-json\/wp\/v2\/media?parent=258"}],"wp:term":[{"taxonomy":"product_cat","embeddable":true,"href":"https:\/\/pres-is.com\/en\/wp-json\/wp\/v2\/product_cat?post=258"},{"taxonomy":"product_tag","embeddable":true,"href":"https:\/\/pres-is.com\/en\/wp-json\/wp\/v2\/product_tag?post=258"}],"curies":[{"name":"wp","href":"https:\/\/api.w.org\/{rel}","templated":true}]}}