{"id":245,"date":"2021-12-26T21:41:20","date_gmt":"2021-12-26T21:41:20","guid":{"rendered":"https:\/\/pres-is.com\/?post_type=product&#038;p=245"},"modified":"2022-07-25T11:08:05","modified_gmt":"2022-07-25T11:08:05","slug":"mat-camli-yay-kapakli-luks-dokum40lik","status":"publish","type":"product","link":"https:\/\/pres-is.com\/en\/urun\/mat-camli-yay-kapakli-luks-dokum40lik\/","title":{"rendered":"40s Matt with Spring Clamp Luxury Cast"},"content":{"rendered":"<p><span class=\"fontstyle0\">DO\u011eA VARSA,B\u0130Z VARIZ<br \/>\nM\u00fchendislik \u00e7al\u0131\u015fmalar\u0131m\u0131z\u0131, Karbondioksit ve ince toz sal\u0131n\u0131m\u0131n\u0131 en aza indirmek i\u00e7in ayr\u0131ca Sobalar\u0131m\u0131z\u0131n en d\u00fc\u015f\u00fck miktarda yakacak kullan\u0131lmas\u0131na uygun \u015fekilde tasarl\u0131yoruz.<br \/>\nB\u00f6ylelikle hem Ormanlar\u0131m\u0131z\u0131,\u00c7evremizi hem de Nefesimizi koruyoruz.<\/span><\/p>\n","protected":false},"excerpt":{"rendered":"<p>&nbsp;<\/p>\n<p><strong>CAST LUXURY- AND COOKING STOVES<\/strong><\/p>\n<p><strong>PR 503M<\/strong><\/p>\n<p><span class=\"fontstyle0\">Height: 65 cm.<br \/>\nWidth: 78 cm.<br \/>\nDepth: 42 cm.<\/span><\/p>\n","protected":false},"featured_media":239,"comment_status":"closed","ping_status":"closed","template":"","meta":[],"product_cat":[20],"product_tag":[],"yoast_head":"<!-- This site is optimized with the Yoast SEO plugin v20.4 - https:\/\/yoast.com\/wordpress\/plugins\/seo\/ -->\r\n<title>40s Matt with Spring Clamp Luxury Cast - S\u0131cak Dostunuz<\/title>\r\n<meta name=\"robots\" content=\"index, follow, max-snippet:-1, max-image-preview:large, max-video-preview:-1\" \/>\r\n<link rel=\"canonical\" href=\"https:\/\/pres-is.com\/tr\/urun\/mat-camli-yay-kapakli-luks-dokum40lik\/\" \/>\r\n<meta property=\"og:locale\" content=\"en_US\" \/>\r\n<meta property=\"og:type\" content=\"article\" \/>\r\n<meta property=\"og:title\" content=\"[:tr]40\u2019l\u0131k Mat Caml\u0131 Yay Kapakl\u0131 L\u00fcks D\u00f6k\u00fcm[:en]40s Matt with Spring Clamp Luxury Cast[:de]40er Matt mit Federklappe Luxury aus Guss[:] - S\u0131cak Dostunuz\" \/>\r\n<meta property=\"og:description\" content=\"[:tr]L\u00dcKS D\u00d6K\u00dcM KUZ\u0130NELER  PR 503M  Y\u00fckseklik: 65 cm. Geni\u015flik: 78 cm. Derinlik: 42 cm.[:en]&nbsp;  CAST LUXURY- AND COOKING STOVES  PR 503M  Height: 65 cm. Width: 78 cm. Depth: 42 cm.[:de]LUXURY UND K\u00dcCHENHERDE AUS GUSS  PR 503M  H\u00f6he: 65 cm. Breite: 78 cm. Tiefe: 42 cm.[:]\" \/>\r\n<meta property=\"og:url\" content=\"https:\/\/pres-is.com\/tr\/urun\/mat-camli-yay-kapakli-luks-dokum40lik\/\" \/>\r\n<meta property=\"og:site_name\" content=\"S\u0131cak Dostunuz\" \/>\r\n<meta property=\"article:modified_time\" content=\"2022-07-25T11:08:05+00:00\" \/>\r\n<meta property=\"og:image\" content=\"https:\/\/pres-is.com\/wp-content\/uploads\/2021\/12\/40-Mat-camli-yay-kapakli-lux-dokum-1.png\" \/>\r\n\t<meta property=\"og:image:width\" content=\"960\" \/>\r\n\t<meta property=\"og:image:height\" content=\"720\" \/>\r\n\t<meta property=\"og:image:type\" content=\"image\/png\" \/>\r\n<meta name=\"twitter:card\" content=\"summary_large_image\" \/>\r\n<script type=\"application\/ld+json\" class=\"yoast-schema-graph\">{\"@context\":\"https:\/\/schema.org\",\"@graph\":[{\"@type\":\"WebPage\",\"@id\":\"https:\/\/pres-is.com\/tr\/urun\/mat-camli-yay-kapakli-luks-dokum40lik\/\",\"url\":\"https:\/\/pres-is.com\/tr\/urun\/mat-camli-yay-kapakli-luks-dokum40lik\/\",\"name\":\"[:tr]40\u2019l\u0131k Mat Caml\u0131 Yay Kapakl\u0131 L\u00fcks D\u00f6k\u00fcm[:en]40s Matt with Spring Clamp Luxury Cast[:de]40er Matt mit Federklappe Luxury aus Guss[:] - S\u0131cak Dostunuz\",\"isPartOf\":{\"@id\":\"https:\/\/pres-is.com\/tr\/#website\"},\"datePublished\":\"2021-12-26T21:41:20+00:00\",\"dateModified\":\"2022-07-25T11:08:05+00:00\",\"breadcrumb\":{\"@id\":\"https:\/\/pres-is.com\/tr\/urun\/mat-camli-yay-kapakli-luks-dokum40lik\/#breadcrumb\"},\"inLanguage\":\"en-US\",\"potentialAction\":[{\"@type\":\"ReadAction\",\"target\":[\"https:\/\/pres-is.com\/tr\/urun\/mat-camli-yay-kapakli-luks-dokum40lik\/\"]}]},{\"@type\":\"BreadcrumbList\",\"@id\":\"https:\/\/pres-is.com\/tr\/urun\/mat-camli-yay-kapakli-luks-dokum40lik\/#breadcrumb\",\"itemListElement\":[{\"@type\":\"ListItem\",\"position\":1,\"name\":\"Anasayfa\",\"item\":\"https:\/\/pres-is.com\/\"},{\"@type\":\"ListItem\",\"position\":2,\"name\":\"Ma\u011faza\",\"item\":\"https:\/\/pres-is.com\/en\/magaza\/\"},{\"@type\":\"ListItem\",\"position\":3,\"name\":\"40\u2019l\u0131k Mat Caml\u0131 Yay Kapakl\u0131 L\u00fcks D\u00f6k\u00fcm\"}]},{\"@type\":\"WebSite\",\"@id\":\"https:\/\/pres-is.com\/tr\/#website\",\"url\":\"https:\/\/pres-is.com\/tr\/\",\"name\":\"S\u0131cak Dostunuz\",\"description\":\"\u00dcretim Zaman\u0131\",\"potentialAction\":[{\"@type\":\"SearchAction\",\"target\":{\"@type\":\"EntryPoint\",\"urlTemplate\":\"https:\/\/pres-is.com\/tr\/?s={search_term_string}\"},\"query-input\":\"required name=search_term_string\"}],\"inLanguage\":\"en-US\"}]}<\/script>\r\n<!-- \/ Yoast SEO plugin. -->","yoast_head_json":{"title":"[:tr]40\u2019l\u0131k Mat Caml\u0131 Yay Kapakl\u0131 L\u00fcks D\u00f6k\u00fcm[:en]40s Matt with Spring Clamp Luxury Cast[:de]40er Matt mit Federklappe Luxury aus Guss[:] - S\u0131cak Dostunuz","robots":{"index":"index","follow":"follow","max-snippet":"max-snippet:-1","max-image-preview":"max-image-preview:large","max-video-preview":"max-video-preview:-1"},"canonical":"https:\/\/pres-is.com\/tr\/urun\/mat-camli-yay-kapakli-luks-dokum40lik\/","og_locale":"en_US","og_type":"article","og_title":"[:tr]40\u2019l\u0131k Mat Caml\u0131 Yay Kapakl\u0131 L\u00fcks D\u00f6k\u00fcm[:en]40s Matt with Spring Clamp Luxury Cast[:de]40er Matt mit Federklappe Luxury aus Guss[:] - S\u0131cak Dostunuz","og_description":"[:tr]L\u00dcKS D\u00d6K\u00dcM KUZ\u0130NELER  PR 503M  Y\u00fckseklik: 65 cm. Geni\u015flik: 78 cm. Derinlik: 42 cm.[:en]&nbsp;  CAST LUXURY- AND COOKING STOVES  PR 503M  Height: 65 cm. Width: 78 cm. Depth: 42 cm.[:de]LUXURY UND K\u00dcCHENHERDE AUS GUSS  PR 503M  H\u00f6he: 65 cm. Breite: 78 cm. Tiefe: 42 cm.[:]","og_url":"https:\/\/pres-is.com\/tr\/urun\/mat-camli-yay-kapakli-luks-dokum40lik\/","og_site_name":"S\u0131cak Dostunuz","article_modified_time":"2022-07-25T11:08:05+00:00","og_image":[{"width":960,"height":720,"url":"https:\/\/pres-is.com\/wp-content\/uploads\/2021\/12\/40-Mat-camli-yay-kapakli-lux-dokum-1.png","type":"image\/png"}],"twitter_card":"summary_large_image","schema":{"@context":"https:\/\/schema.org","@graph":[{"@type":"WebPage","@id":"https:\/\/pres-is.com\/tr\/urun\/mat-camli-yay-kapakli-luks-dokum40lik\/","url":"https:\/\/pres-is.com\/tr\/urun\/mat-camli-yay-kapakli-luks-dokum40lik\/","name":"[:tr]40\u2019l\u0131k Mat Caml\u0131 Yay Kapakl\u0131 L\u00fcks D\u00f6k\u00fcm[:en]40s Matt with Spring Clamp Luxury Cast[:de]40er Matt mit Federklappe Luxury aus Guss[:] - S\u0131cak Dostunuz","isPartOf":{"@id":"https:\/\/pres-is.com\/tr\/#website"},"datePublished":"2021-12-26T21:41:20+00:00","dateModified":"2022-07-25T11:08:05+00:00","breadcrumb":{"@id":"https:\/\/pres-is.com\/tr\/urun\/mat-camli-yay-kapakli-luks-dokum40lik\/#breadcrumb"},"inLanguage":"en-US","potentialAction":[{"@type":"ReadAction","target":["https:\/\/pres-is.com\/tr\/urun\/mat-camli-yay-kapakli-luks-dokum40lik\/"]}]},{"@type":"BreadcrumbList","@id":"https:\/\/pres-is.com\/tr\/urun\/mat-camli-yay-kapakli-luks-dokum40lik\/#breadcrumb","itemListElement":[{"@type":"ListItem","position":1,"name":"Anasayfa","item":"https:\/\/pres-is.com\/"},{"@type":"ListItem","position":2,"name":"Ma\u011faza","item":"https:\/\/pres-is.com\/en\/magaza\/"},{"@type":"ListItem","position":3,"name":"40\u2019l\u0131k Mat Caml\u0131 Yay Kapakl\u0131 L\u00fcks D\u00f6k\u00fcm"}]},{"@type":"WebSite","@id":"https:\/\/pres-is.com\/tr\/#website","url":"https:\/\/pres-is.com\/tr\/","name":"S\u0131cak Dostunuz","description":"\u00dcretim Zaman\u0131","potentialAction":[{"@type":"SearchAction","target":{"@type":"EntryPoint","urlTemplate":"https:\/\/pres-is.com\/tr\/?s={search_term_string}"},"query-input":"required name=search_term_string"}],"inLanguage":"en-US"}]}},"_links":{"self":[{"href":"https:\/\/pres-is.com\/en\/wp-json\/wp\/v2\/product\/245"}],"collection":[{"href":"https:\/\/pres-is.com\/en\/wp-json\/wp\/v2\/product"}],"about":[{"href":"https:\/\/pres-is.com\/en\/wp-json\/wp\/v2\/types\/product"}],"replies":[{"embeddable":true,"href":"https:\/\/pres-is.com\/en\/wp-json\/wp\/v2\/comments?post=245"}],"wp:featuredmedia":[{"embeddable":true,"href":"https:\/\/pres-is.com\/en\/wp-json\/wp\/v2\/media\/239"}],"wp:attachment":[{"href":"https:\/\/pres-is.com\/en\/wp-json\/wp\/v2\/media?parent=245"}],"wp:term":[{"taxonomy":"product_cat","embeddable":true,"href":"https:\/\/pres-is.com\/en\/wp-json\/wp\/v2\/product_cat?post=245"},{"taxonomy":"product_tag","embeddable":true,"href":"https:\/\/pres-is.com\/en\/wp-json\/wp\/v2\/product_tag?post=245"}],"curies":[{"name":"wp","href":"https:\/\/api.w.org\/{rel}","templated":true}]}}