{"id":181,"date":"2021-12-23T17:49:48","date_gmt":"2021-12-23T14:49:48","guid":{"rendered":"https:\/\/pres-is.com\/?page_id=181"},"modified":"2022-08-02T08:03:15","modified_gmt":"2022-08-02T08:03:15","slug":"is-ve-egitim","status":"publish","type":"page","link":"https:\/\/pres-is.com\/en\/is-ve-egitim\/","title":{"rendered":"WORK &#038; EDUCATION:"},"content":{"rendered":"<p>[vc_row css=&#8221;.vc_custom_1640781302383{padding-top: 1.5em !important;}&#8221;][vc_column][vc_row_inner css=&#8221;.vc_custom_1640781281061{margin-bottom: 0px !important;border-bottom-width: 0px !important;}&#8221;][vc_column_inner width=&#8221;1\/2&#8243;][vc_single_image image=&#8221;463&#8243; img_size=&#8221;full&#8221; alignment=&#8221;center&#8221;][\/vc_column_inner][vc_column_inner width=&#8221;1\/2&#8243; css=&#8221;.vc_custom_1640782981838{padding-top: 4.0em !important;}&#8221;][vc_column_text]<\/p>\n<h1 style=\"text-align: center;\"><strong>THE FUTURE,<\/strong><br \/>\nIS IN THE TRADITION&#8230;<\/h1>\n<p>[\/vc_column_text][vc_column_text]<\/p>\n<div class=\"page\" title=\"Page 5\">\n<div class=\"section\">\n<div class=\"layoutArea\">\n<div class=\"column\">\n<p style=\"text-align: center;\"><strong>Quality emerges with seamless teamwork. Trouble-free teamwork can only happen with a quality team.<\/strong><\/p>\n<\/div>\n<\/div>\n<\/div>\n<\/div>\n<p>[\/vc_column_text][vc_column_text]<\/p>\n<div class=\"page\" title=\"Page 5\">\n<div class=\"section\">\n<div class=\"layoutArea\">\n<div class=\"column\">\n<p style=\"text-align: center;\">As Pres I\u0307s\u0327, we know very well that traditional stove manufacturing is an artform.<\/p>\n<p style=\"text-align: center;\">We are aware that the use of stoves in the new world is no longer as popular as it used to be, but we have adopted it as our main goal to popularize the stove and to transfer our knowledge to our future generations.Our dream is to inspire younger generations and make them fall in love with this art.<\/p>\n<p style=\"text-align: center;\">Our stoves are produced entirely in Turkey by our devoted team consisting of 20 people. If you want to contribute to this art with your ideas and skills, we would like to invite you to a warm working environment.<\/p>\n<\/div>\n<\/div>\n<\/div>\n<\/div>\n<p>[\/vc_column_text][\/vc_column_inner][\/vc_row_inner][\/vc_column][\/vc_row][vc_row full_width=&#8221;stretch_row_content&#8221; gap=&#8221;10&#8243; css=&#8221;.vc_custom_1641050889428{padding-top: 50px !important;background-image: url(https:\/\/pres-is.com\/wp-content\/uploads\/2022\/01\/bg-alt-01.jpg?id=484) !important;background-position: center !important;background-repeat: no-repeat !important;background-size: cover !important;}&#8221;][vc_column][vc_row_inner][vc_column_inner width=&#8221;1\/4&#8243;][vc_custom_heading text=&#8221;PRES-\u0130\u015e STOVE&#8221; font_container=&#8221;tag:p|font_size:25|text_align:center|color:%2329a97a&#8221; use_theme_fonts=&#8221;yes&#8221;][vc_wp_custommenu nav_menu=&#8221;43&#8243;][\/vc_column_inner][vc_column_inner width=&#8221;1\/4&#8243;][vc_custom_heading text=&#8221;PRODUCT CATEGORIES&#8221; font_container=&#8221;tag:p|font_size:25|text_align:left|color:%2329a97a&#8221; use_theme_fonts=&#8221;yes&#8221;][vc_wp_custommenu nav_menu=&#8221;44&#8243;][\/vc_column_inner][vc_column_inner width=&#8221;1\/4&#8243;][vc_custom_heading text=&#8221;PRES-\u0130\u015e&#8221; font_container=&#8221;tag:p|font_size:25|text_align:center|color:%2329a97a&#8221; use_theme_fonts=&#8221;yes&#8221;][vc_wp_custommenu nav_menu=&#8221;42&#8243;][\/vc_column_inner][vc_column_inner width=&#8221;1\/4&#8243;][vc_single_image image=&#8221;122&#8243; img_size=&#8221;full&#8221; alignment=&#8221;center&#8221; css=&#8221;.vc_custom_1643723580126{margin-bottom: 0px !important;border-bottom-width: 0px !important;}&#8221;][vc_column_text]<span style=\"color: #ffffff;\">We started producing stoves 66 years ago. Today the 3rd generation has taken over and with innovative technologies we continue to contribute to the art of \u201ctraditional stove\u201d productions.<\/span>[\/vc_column_text][\/vc_column_inner][\/vc_row_inner][vc_separator color=&#8221;custom&#8221; style=&#8221;dotted&#8221; border_width=&#8221;2&#8243; el_width=&#8221;90&#8243; accent_color=&#8221;#2aa97a&#8221;][vc_column_text]<\/p>\n<p style=\"text-align: center;\"><span style=\"color: #ffffff;\">\u00a9 Copyright 2021 PRES-\u0130\u015e Heating Equipment Industry and Trade Limited Company | All rights reserved.<\/span><\/p>\n<p>[\/vc_column_text][\/vc_column][\/vc_row]<\/p>","protected":false},"excerpt":{"rendered":"<p>[vc_row css=&#8221;.vc_custom_1640781302383{padding-top: 1.5em !important;}&#8221;][vc_column][vc_row_inner css=&#8221;.vc_custom_1640781281061{margin-bottom: 0px !important;border-bottom-width: 0px !important;}&#8221;][vc_column_inner width=&#8221;1\/2&#8243;][vc_single_image image=&#8221;463&#8243; img_size=&#8221;full&#8221; alignment=&#8221;center&#8221;][\/vc_column_inner][vc_column_inner width=&#8221;1\/2&#8243; css=&#8221;.vc_custom_1640782981838{padding-top: 4.0em !important;}&#8221;][vc_column_text] THE FUTURE, IS IN THE TRADITION&#8230; [\/vc_column_text][vc_column_text] Quality emerges<span class=\"excerpt-hellip\"> [\u2026]<\/span><\/p>\n","protected":false},"author":2,"featured_media":0,"parent":0,"menu_order":0,"comment_status":"closed","ping_status":"closed","template":"","meta":[],"yoast_head":"<!-- This site is optimized with the Yoast SEO plugin v20.4 - https:\/\/yoast.com\/wordpress\/plugins\/seo\/ -->\r\n<title>WORK &amp; EDUCATION: - S\u0131cak Dostunuz<\/title>\r\n<meta name=\"robots\" content=\"index, follow, max-snippet:-1, max-image-preview:large, max-video-preview:-1\" \/>\r\n<link rel=\"canonical\" href=\"https:\/\/pres-is.com\/is-ve-egitim\/\" \/>\r\n<meta property=\"og:locale\" content=\"en_US\" \/>\r\n<meta property=\"og:type\" content=\"article\" \/>\r\n<meta property=\"og:title\" content=\"[:tr]\u0130\u015e VE E\u011e\u0130T\u0130M[:en]WORK &amp; EDUCATION:[:de]JOBS &amp; AUSBILDUNG[:] - S\u0131cak Dostunuz\" \/>\r\n<meta property=\"og:description\" content=\"[vc_row css=&#8221;.vc_custom_1640781302383{padding-top: 1.5em !important;}&#8221;][vc_column][vc_row_inner css=&#8221;.vc_custom_1640781281061{margin-bottom: 0px !important;border-bottom-width: 0px !important;}&#8221;][vc_column_inner width=&#8221;1\/2&#8243;][vc_single_image image=&#8221;463&#8243; img_size=&#8221;full&#8221; alignment=&#8221;center&#8221;][\/vc_column_inner][vc_column_inner width=&#8221;1\/2&#8243; css=&#8221;.vc_custom_1640782981838{padding-top: 4.0em !important;}&#8221;][vc_column_text] THE FUTURE, IS IN THE TRADITION&#8230; [\/vc_column_text][vc_column_text] Quality emerges [\u2026]\" \/>\r\n<meta property=\"og:url\" content=\"https:\/\/pres-is.com\/is-ve-egitim\/\" \/>\r\n<meta property=\"og:site_name\" content=\"S\u0131cak Dostunuz\" \/>\r\n<meta property=\"article:modified_time\" content=\"2022-08-02T08:03:15+00:00\" \/>\r\n<meta name=\"twitter:card\" content=\"summary_large_image\" \/>\r\n<meta name=\"twitter:label1\" content=\"Est. reading time\" \/>\n\t<meta name=\"twitter:data1\" content=\"2 minutes\" \/>\r\n<script type=\"application\/ld+json\" class=\"yoast-schema-graph\">{\"@context\":\"https:\/\/schema.org\",\"@graph\":[{\"@type\":\"WebPage\",\"@id\":\"https:\/\/pres-is.com\/is-ve-egitim\/\",\"url\":\"https:\/\/pres-is.com\/is-ve-egitim\/\",\"name\":\"[:tr]\u0130\u015e VE E\u011e\u0130T\u0130M[:en]WORK & EDUCATION:[:de]JOBS & AUSBILDUNG[:] - S\u0131cak Dostunuz\",\"isPartOf\":{\"@id\":\"https:\/\/pres-is.com\/tr\/#website\"},\"datePublished\":\"2021-12-23T14:49:48+00:00\",\"dateModified\":\"2022-08-02T08:03:15+00:00\",\"breadcrumb\":{\"@id\":\"https:\/\/pres-is.com\/is-ve-egitim\/#breadcrumb\"},\"inLanguage\":\"en-US\",\"potentialAction\":[{\"@type\":\"ReadAction\",\"target\":[\"https:\/\/pres-is.com\/is-ve-egitim\/\"]}]},{\"@type\":\"BreadcrumbList\",\"@id\":\"https:\/\/pres-is.com\/is-ve-egitim\/#breadcrumb\",\"itemListElement\":[{\"@type\":\"ListItem\",\"position\":1,\"name\":\"Anasayfa\",\"item\":\"https:\/\/pres-is.com\/\"},{\"@type\":\"ListItem\",\"position\":2,\"name\":\"\u0130\u015e VE E\u011e\u0130T\u0130M\"}]},{\"@type\":\"WebSite\",\"@id\":\"https:\/\/pres-is.com\/tr\/#website\",\"url\":\"https:\/\/pres-is.com\/tr\/\",\"name\":\"S\u0131cak Dostunuz\",\"description\":\"\u00dcretim Zaman\u0131\",\"potentialAction\":[{\"@type\":\"SearchAction\",\"target\":{\"@type\":\"EntryPoint\",\"urlTemplate\":\"https:\/\/pres-is.com\/tr\/?s={search_term_string}\"},\"query-input\":\"required name=search_term_string\"}],\"inLanguage\":\"en-US\"}]}<\/script>\r\n<!-- \/ Yoast SEO plugin. -->","yoast_head_json":{"title":"[:tr]\u0130\u015e VE E\u011e\u0130T\u0130M[:en]WORK & EDUCATION:[:de]JOBS & AUSBILDUNG[:] - S\u0131cak Dostunuz","robots":{"index":"index","follow":"follow","max-snippet":"max-snippet:-1","max-image-preview":"max-image-preview:large","max-video-preview":"max-video-preview:-1"},"canonical":"https:\/\/pres-is.com\/is-ve-egitim\/","og_locale":"en_US","og_type":"article","og_title":"[:tr]\u0130\u015e VE E\u011e\u0130T\u0130M[:en]WORK & EDUCATION:[:de]JOBS & AUSBILDUNG[:] - S\u0131cak Dostunuz","og_description":"[vc_row css=&#8221;.vc_custom_1640781302383{padding-top: 1.5em !important;}&#8221;][vc_column][vc_row_inner css=&#8221;.vc_custom_1640781281061{margin-bottom: 0px !important;border-bottom-width: 0px !important;}&#8221;][vc_column_inner width=&#8221;1\/2&#8243;][vc_single_image image=&#8221;463&#8243; img_size=&#8221;full&#8221; alignment=&#8221;center&#8221;][\/vc_column_inner][vc_column_inner width=&#8221;1\/2&#8243; css=&#8221;.vc_custom_1640782981838{padding-top: 4.0em !important;}&#8221;][vc_column_text] THE FUTURE, IS IN THE TRADITION&#8230; [\/vc_column_text][vc_column_text] Quality emerges [\u2026]","og_url":"https:\/\/pres-is.com\/is-ve-egitim\/","og_site_name":"S\u0131cak Dostunuz","article_modified_time":"2022-08-02T08:03:15+00:00","twitter_card":"summary_large_image","twitter_misc":{"Est. reading time":"2 minutes"},"schema":{"@context":"https:\/\/schema.org","@graph":[{"@type":"WebPage","@id":"https:\/\/pres-is.com\/is-ve-egitim\/","url":"https:\/\/pres-is.com\/is-ve-egitim\/","name":"[:tr]\u0130\u015e VE E\u011e\u0130T\u0130M[:en]WORK & EDUCATION:[:de]JOBS & AUSBILDUNG[:] - S\u0131cak Dostunuz","isPartOf":{"@id":"https:\/\/pres-is.com\/tr\/#website"},"datePublished":"2021-12-23T14:49:48+00:00","dateModified":"2022-08-02T08:03:15+00:00","breadcrumb":{"@id":"https:\/\/pres-is.com\/is-ve-egitim\/#breadcrumb"},"inLanguage":"en-US","potentialAction":[{"@type":"ReadAction","target":["https:\/\/pres-is.com\/is-ve-egitim\/"]}]},{"@type":"BreadcrumbList","@id":"https:\/\/pres-is.com\/is-ve-egitim\/#breadcrumb","itemListElement":[{"@type":"ListItem","position":1,"name":"Anasayfa","item":"https:\/\/pres-is.com\/"},{"@type":"ListItem","position":2,"name":"\u0130\u015e VE E\u011e\u0130T\u0130M"}]},{"@type":"WebSite","@id":"https:\/\/pres-is.com\/tr\/#website","url":"https:\/\/pres-is.com\/tr\/","name":"S\u0131cak Dostunuz","description":"\u00dcretim Zaman\u0131","potentialAction":[{"@type":"SearchAction","target":{"@type":"EntryPoint","urlTemplate":"https:\/\/pres-is.com\/tr\/?s={search_term_string}"},"query-input":"required name=search_term_string"}],"inLanguage":"en-US"}]}},"_links":{"self":[{"href":"https:\/\/pres-is.com\/en\/wp-json\/wp\/v2\/pages\/181"}],"collection":[{"href":"https:\/\/pres-is.com\/en\/wp-json\/wp\/v2\/pages"}],"about":[{"href":"https:\/\/pres-is.com\/en\/wp-json\/wp\/v2\/types\/page"}],"author":[{"embeddable":true,"href":"https:\/\/pres-is.com\/en\/wp-json\/wp\/v2\/users\/2"}],"replies":[{"embeddable":true,"href":"https:\/\/pres-is.com\/en\/wp-json\/wp\/v2\/comments?post=181"}],"version-history":[{"count":24,"href":"https:\/\/pres-is.com\/en\/wp-json\/wp\/v2\/pages\/181\/revisions"}],"predecessor-version":[{"id":1023,"href":"https:\/\/pres-is.com\/en\/wp-json\/wp\/v2\/pages\/181\/revisions\/1023"}],"wp:attachment":[{"href":"https:\/\/pres-is.com\/en\/wp-json\/wp\/v2\/media?parent=181"}],"curies":[{"name":"wp","href":"https:\/\/api.w.org\/{rel}","templated":true}]}}