{"id":175,"date":"2021-12-23T17:44:14","date_gmt":"2021-12-23T14:44:14","guid":{"rendered":"https:\/\/pres-is.com\/?page_id=175"},"modified":"2022-08-02T14:53:09","modified_gmt":"2022-08-02T14:53:09","slug":"ekoloji-ve-surdurulebilirlik","status":"publish","type":"page","link":"https:\/\/pres-is.com\/en\/ekoloji-ve-surdurulebilirlik\/","title":{"rendered":"ECOLOGY &#038; SUSTAINABILITY:"},"content":{"rendered":"<p>[vc_row][vc_column][vc_row_inner][vc_column_inner width=&#8221;1\/2&#8243;][vc_column_text]<\/p>\n<h1 style=\"text-align: center;\"><strong><span class=\"s1\">\u00a0 IF THERE IS NATURE,<br \/>\nWE EXIST&#8230;<\/span><\/strong><\/h1>\n<p>[\/vc_column_text][vc_column_text]<\/p>\n<div class=\"page\" title=\"Page 4\">\n<div class=\"section\">\n<div class=\"layoutArea\">\n<div class=\"column\">\n<p style=\"text-align: center;\"><strong>We design our stoves to use the lowest amount of fuel, in\u00a0order to minimize the emission of carbon dioxide and fine dust. Thus, protecting both the environment and our forests.<\/strong><\/p>\n<\/div>\n<\/div>\n<\/div>\n<\/div>\n<p class=\"p1\" style=\"text-align: center;\"><span class=\"s1\">We consider it our core value to protect and preserve the ecological system.<\/span><\/p>\n<p class=\"p1\" style=\"text-align: center;\"><span class=\"s1\">By complying with current regulations and legislation, from the design to the production, we use the latest and best technologies to minimize the emissions of harmful gasses of our ovens.<\/span><\/p>\n<p class=\"p1\" style=\"text-align: center;\"><span class=\"s1\">We have adopted it as our most important responsibility to leave a clean environment to upcoming generations, by providing continuous improvements in protecting the environment and preventing pollution.<\/span><\/p>\n<p>[\/vc_column_text][\/vc_column_inner][vc_column_inner width=&#8221;1\/2&#8243;][vc_single_image image=&#8221;411&#8243; img_size=&#8221;full&#8221; alignment=&#8221;center&#8221;][\/vc_column_inner][\/vc_row_inner][\/vc_column][\/vc_row][vc_column][\/vc_column][vc_row full_width=&#8221;stretch_row_content&#8221; gap=&#8221;10&#8243; css=&#8221;.vc_custom_1659451151518{padding-top: 50px !important;background-image: url(https:\/\/pres-is.com\/wp-content\/uploads\/2022\/01\/bg-alt-01.jpg?id=484) !important;background-position: center !important;background-repeat: no-repeat !important;background-size: cover !important;}&#8221;][vc_column][vc_row_inner][vc_column_inner width=&#8221;1\/4&#8243;][vc_custom_heading text=&#8221;PRES \u0130\u015e STOVES&#8221; font_container=&#8221;tag:p|font_size:25|text_align:left|color:%232aa97a&#8221; use_theme_fonts=&#8221;yes&#8221;][vc_wp_custommenu nav_menu=&#8221;43&#8243;][\/vc_column_inner][vc_column_inner width=&#8221;1\/4&#8243;][vc_custom_heading text=&#8221;PRODUCT CATEGORIES&#8221; font_container=&#8221;tag:p|font_size:25|text_align:left|color:%232aa97a&#8221; use_theme_fonts=&#8221;yes&#8221;][vc_wp_custommenu nav_menu=&#8221;44&#8243;][\/vc_column_inner][vc_column_inner width=&#8221;1\/4&#8243;][vc_custom_heading text=&#8221;PRES \u0130\u015e STOVES&#8221; font_container=&#8221;tag:p|font_size:25|text_align:left|color:%232aa97a&#8221; use_theme_fonts=&#8221;yes&#8221;][vc_wp_custommenu nav_menu=&#8221;42&#8243;][\/vc_column_inner][vc_column_inner width=&#8221;1\/4&#8243;][vc_single_image image=&#8221;122&#8243; img_size=&#8221;full&#8221; alignment=&#8221;center&#8221;][vc_column_text]<span style=\"color: #ffffff;\">We started producing stoves 66 years ago. Today the 3rd generation has taken over and with innovative technologies we continue to contribute to the art of \u201ctraditional stove\u201d productions.<\/span>[\/vc_column_text][\/vc_column_inner][\/vc_row_inner][vc_column_text]<\/p>\n<p style=\"text-align: center;\"><span style=\"color: #ffffff;\">\u00a9 Copyright 2021 PRES-\u0130\u015e Heating Equipment Industry and Trade Limited Company | All rights reserved.<\/span><\/p>\n<p>[\/vc_column_text][vc_separator color=&#8221;custom&#8221; style=&#8221;dotted&#8221; border_width=&#8221;2&#8243; el_width=&#8221;90&#8243; accent_color=&#8221;#2aa97a&#8221;][\/vc_column][\/vc_row]<\/p>","protected":false},"excerpt":{"rendered":"<p>[vc_row][vc_column][vc_row_inner][vc_column_inner width=&#8221;1\/2&#8243;][vc_column_text] \u00a0 IF THERE IS NATURE, WE EXIST&#8230; [\/vc_column_text][vc_column_text] We design our stoves to use the lowest amount of fuel, in\u00a0order to minimize the emission<span class=\"excerpt-hellip\"> [\u2026]<\/span><\/p>\n","protected":false},"author":2,"featured_media":0,"parent":0,"menu_order":0,"comment_status":"closed","ping_status":"closed","template":"","meta":[],"yoast_head":"<!-- This site is optimized with the Yoast SEO plugin v20.4 - https:\/\/yoast.com\/wordpress\/plugins\/seo\/ -->\r\n<title>ECOLOGY &amp; SUSTAINABILITY: - S\u0131cak Dostunuz<\/title>\r\n<meta name=\"robots\" content=\"index, follow, max-snippet:-1, max-image-preview:large, max-video-preview:-1\" \/>\r\n<link rel=\"canonical\" href=\"https:\/\/pres-is.com\/ekoloji-ve-surdurulebilirlik\/\" \/>\r\n<meta property=\"og:locale\" content=\"en_US\" \/>\r\n<meta property=\"og:type\" content=\"article\" \/>\r\n<meta property=\"og:title\" content=\"[:tr]EKOLOJ\u0130 VE S\u00dcRD\u00dcREB\u0130L\u0130RL\u0130K[:en]ECOLOGY &amp; SUSTAINABILITY:[:de]\u00d6KOLOGIE UND NACHHALTIGKEIT[:] - S\u0131cak Dostunuz\" \/>\r\n<meta property=\"og:description\" content=\"[vc_row][vc_column][vc_row_inner][vc_column_inner width=&#8221;1\/2&#8243;][vc_column_text] \u00a0 IF THERE IS NATURE, WE EXIST&#8230; [\/vc_column_text][vc_column_text] We design our stoves to use the lowest amount of fuel, in\u00a0order to minimize the emission [\u2026]\" \/>\r\n<meta property=\"og:url\" content=\"https:\/\/pres-is.com\/ekoloji-ve-surdurulebilirlik\/\" \/>\r\n<meta property=\"og:site_name\" content=\"S\u0131cak Dostunuz\" \/>\r\n<meta property=\"article:modified_time\" content=\"2022-08-02T14:53:09+00:00\" \/>\r\n<meta name=\"twitter:card\" content=\"summary_large_image\" \/>\r\n<meta name=\"twitter:label1\" content=\"Est. reading time\" \/>\n\t<meta name=\"twitter:data1\" content=\"2 minutes\" \/>\r\n<script type=\"application\/ld+json\" class=\"yoast-schema-graph\">{\"@context\":\"https:\/\/schema.org\",\"@graph\":[{\"@type\":\"WebPage\",\"@id\":\"https:\/\/pres-is.com\/ekoloji-ve-surdurulebilirlik\/\",\"url\":\"https:\/\/pres-is.com\/ekoloji-ve-surdurulebilirlik\/\",\"name\":\"[:tr]EKOLOJ\u0130 VE S\u00dcRD\u00dcREB\u0130L\u0130RL\u0130K[:en]ECOLOGY & SUSTAINABILITY:[:de]\u00d6KOLOGIE UND NACHHALTIGKEIT[:] - S\u0131cak Dostunuz\",\"isPartOf\":{\"@id\":\"https:\/\/pres-is.com\/tr\/#website\"},\"datePublished\":\"2021-12-23T14:44:14+00:00\",\"dateModified\":\"2022-08-02T14:53:09+00:00\",\"breadcrumb\":{\"@id\":\"https:\/\/pres-is.com\/ekoloji-ve-surdurulebilirlik\/#breadcrumb\"},\"inLanguage\":\"en-US\",\"potentialAction\":[{\"@type\":\"ReadAction\",\"target\":[\"https:\/\/pres-is.com\/ekoloji-ve-surdurulebilirlik\/\"]}]},{\"@type\":\"BreadcrumbList\",\"@id\":\"https:\/\/pres-is.com\/ekoloji-ve-surdurulebilirlik\/#breadcrumb\",\"itemListElement\":[{\"@type\":\"ListItem\",\"position\":1,\"name\":\"Anasayfa\",\"item\":\"https:\/\/pres-is.com\/\"},{\"@type\":\"ListItem\",\"position\":2,\"name\":\"EKOLOJ\u0130 VE S\u00dcRD\u00dcREB\u0130L\u0130RL\u0130K\"}]},{\"@type\":\"WebSite\",\"@id\":\"https:\/\/pres-is.com\/tr\/#website\",\"url\":\"https:\/\/pres-is.com\/tr\/\",\"name\":\"S\u0131cak Dostunuz\",\"description\":\"\u00dcretim Zaman\u0131\",\"potentialAction\":[{\"@type\":\"SearchAction\",\"target\":{\"@type\":\"EntryPoint\",\"urlTemplate\":\"https:\/\/pres-is.com\/tr\/?s={search_term_string}\"},\"query-input\":\"required name=search_term_string\"}],\"inLanguage\":\"en-US\"}]}<\/script>\r\n<!-- \/ Yoast SEO plugin. -->","yoast_head_json":{"title":"[:tr]EKOLOJ\u0130 VE S\u00dcRD\u00dcREB\u0130L\u0130RL\u0130K[:en]ECOLOGY & SUSTAINABILITY:[:de]\u00d6KOLOGIE UND NACHHALTIGKEIT[:] - S\u0131cak Dostunuz","robots":{"index":"index","follow":"follow","max-snippet":"max-snippet:-1","max-image-preview":"max-image-preview:large","max-video-preview":"max-video-preview:-1"},"canonical":"https:\/\/pres-is.com\/ekoloji-ve-surdurulebilirlik\/","og_locale":"en_US","og_type":"article","og_title":"[:tr]EKOLOJ\u0130 VE S\u00dcRD\u00dcREB\u0130L\u0130RL\u0130K[:en]ECOLOGY & SUSTAINABILITY:[:de]\u00d6KOLOGIE UND NACHHALTIGKEIT[:] - S\u0131cak Dostunuz","og_description":"[vc_row][vc_column][vc_row_inner][vc_column_inner width=&#8221;1\/2&#8243;][vc_column_text] \u00a0 IF THERE IS NATURE, WE EXIST&#8230; [\/vc_column_text][vc_column_text] We design our stoves to use the lowest amount of fuel, in\u00a0order to minimize the emission [\u2026]","og_url":"https:\/\/pres-is.com\/ekoloji-ve-surdurulebilirlik\/","og_site_name":"S\u0131cak Dostunuz","article_modified_time":"2022-08-02T14:53:09+00:00","twitter_card":"summary_large_image","twitter_misc":{"Est. reading time":"2 minutes"},"schema":{"@context":"https:\/\/schema.org","@graph":[{"@type":"WebPage","@id":"https:\/\/pres-is.com\/ekoloji-ve-surdurulebilirlik\/","url":"https:\/\/pres-is.com\/ekoloji-ve-surdurulebilirlik\/","name":"[:tr]EKOLOJ\u0130 VE S\u00dcRD\u00dcREB\u0130L\u0130RL\u0130K[:en]ECOLOGY & SUSTAINABILITY:[:de]\u00d6KOLOGIE UND NACHHALTIGKEIT[:] - S\u0131cak Dostunuz","isPartOf":{"@id":"https:\/\/pres-is.com\/tr\/#website"},"datePublished":"2021-12-23T14:44:14+00:00","dateModified":"2022-08-02T14:53:09+00:00","breadcrumb":{"@id":"https:\/\/pres-is.com\/ekoloji-ve-surdurulebilirlik\/#breadcrumb"},"inLanguage":"en-US","potentialAction":[{"@type":"ReadAction","target":["https:\/\/pres-is.com\/ekoloji-ve-surdurulebilirlik\/"]}]},{"@type":"BreadcrumbList","@id":"https:\/\/pres-is.com\/ekoloji-ve-surdurulebilirlik\/#breadcrumb","itemListElement":[{"@type":"ListItem","position":1,"name":"Anasayfa","item":"https:\/\/pres-is.com\/"},{"@type":"ListItem","position":2,"name":"EKOLOJ\u0130 VE S\u00dcRD\u00dcREB\u0130L\u0130RL\u0130K"}]},{"@type":"WebSite","@id":"https:\/\/pres-is.com\/tr\/#website","url":"https:\/\/pres-is.com\/tr\/","name":"S\u0131cak Dostunuz","description":"\u00dcretim Zaman\u0131","potentialAction":[{"@type":"SearchAction","target":{"@type":"EntryPoint","urlTemplate":"https:\/\/pres-is.com\/tr\/?s={search_term_string}"},"query-input":"required name=search_term_string"}],"inLanguage":"en-US"}]}},"_links":{"self":[{"href":"https:\/\/pres-is.com\/en\/wp-json\/wp\/v2\/pages\/175"}],"collection":[{"href":"https:\/\/pres-is.com\/en\/wp-json\/wp\/v2\/pages"}],"about":[{"href":"https:\/\/pres-is.com\/en\/wp-json\/wp\/v2\/types\/page"}],"author":[{"embeddable":true,"href":"https:\/\/pres-is.com\/en\/wp-json\/wp\/v2\/users\/2"}],"replies":[{"embeddable":true,"href":"https:\/\/pres-is.com\/en\/wp-json\/wp\/v2\/comments?post=175"}],"version-history":[{"count":26,"href":"https:\/\/pres-is.com\/en\/wp-json\/wp\/v2\/pages\/175\/revisions"}],"predecessor-version":[{"id":1038,"href":"https:\/\/pres-is.com\/en\/wp-json\/wp\/v2\/pages\/175\/revisions\/1038"}],"wp:attachment":[{"href":"https:\/\/pres-is.com\/en\/wp-json\/wp\/v2\/media?parent=175"}],"curies":[{"name":"wp","href":"https:\/\/api.w.org\/{rel}","templated":true}]}}