{"id":171,"date":"2021-12-23T17:19:32","date_gmt":"2021-12-23T14:19:32","guid":{"rendered":"https:\/\/pres-is.com\/?page_id=171"},"modified":"2022-08-02T07:59:01","modified_gmt":"2022-08-02T07:59:01","slug":"degerlerimiz","status":"publish","type":"page","link":"https:\/\/pres-is.com\/en\/degerlerimiz\/","title":{"rendered":"OUR VALUES"},"content":{"rendered":"<p>[vc_row css=&#8221;.vc_custom_1640781302383{padding-top: 1.5em !important;}&#8221;][vc_column][vc_row_inner css=&#8221;.vc_custom_1640781281061{margin-bottom: 0px !important;border-bottom-width: 0px !important;}&#8221;][vc_column_inner width=&#8221;1\/2&#8243;][vc_single_image image=&#8221;403&#8243; img_size=&#8221;full&#8221; alignment=&#8221;center&#8221;][\/vc_column_inner][vc_column_inner width=&#8221;1\/2&#8243; css=&#8221;.vc_custom_1640781403676{padding-top: 5.5em !important;}&#8221;][vc_column_text]<\/p>\n<h1 style=\"text-align: center;\"><strong>OUR VALUES;<br \/>\n<\/strong>LIVE AND LET LIVE&#8230;<\/h1>\n<p>[\/vc_column_text][vc_column_text]<\/p>\n<div class=\"page\" title=\"Page 3\"><\/div>\n<div title=\"Page 3\">\n<div class=\"page\" title=\"Page 3\">\n<div class=\"section\">\n<div class=\"layoutArea\">\n<div class=\"column\">\n<p style=\"text-align: center;\"><strong>It&#8217;s only possible to achieve the quality we desire by complying with ethical rules and protecting our Nature. A healthy work environment, a clean periphery, and the satisfaction of our customers are the signs that we are on the right track.<\/strong><\/p>\n<\/div>\n<\/div>\n<\/div>\n<\/div>\n<\/div>\n<div title=\"Page 3\"><\/div>\n<p>[\/vc_column_text][vc_column_text]<\/p>\n<div class=\"page\" title=\"Page 3\">\n<p>&nbsp;<\/p>\n<p><span style=\"text-align: center;\">Since our establishment in 1955, our main aim is not only to heat your homes, but also to warm your heart. From the designing of our stoves to the tightening of the last screw, we prefer the usage of the latest and best technologies.<\/span><\/p>\n<div class=\"section\">\n<div class=\"layoutArea\">\n<div class=\"column\">\n<p style=\"text-align: center;\">Hereby keeping the carbon dioxide emissions low and preventing the spread of dust and ashes, because we care\u00a0about health.<\/p>\n<p style=\"text-align: center;\">We know that it is not easy to produce traditional stoves under healthy conditions, but your satisfaction and our enthusiasm for\u00a0doing our work with love motivates us.<\/p>\n<\/div>\n<\/div>\n<\/div>\n<\/div>\n<p>[\/vc_column_text][\/vc_column_inner][\/vc_row_inner][\/vc_column][\/vc_row][vc_row full_width=&#8221;stretch_row_content&#8221; gap=&#8221;10&#8243; css=&#8221;.vc_custom_1641050889428{padding-top: 50px !important;background-image: url(https:\/\/pres-is.com\/wp-content\/uploads\/2022\/01\/bg-alt-01.jpg?id=484) !important;background-position: center !important;background-repeat: no-repeat !important;background-size: cover !important;}&#8221;][vc_column][vc_row_inner][vc_column_inner width=&#8221;1\/4&#8243;][vc_custom_heading text=&#8221;PRES-\u0130\u015e STOVE&#8221; font_container=&#8221;tag:p|font_size:25|text_align:center|color:%2329a97a&#8221; use_theme_fonts=&#8221;yes&#8221;][vc_wp_custommenu nav_menu=&#8221;43&#8243;][\/vc_column_inner][vc_column_inner width=&#8221;1\/4&#8243;][vc_custom_heading text=&#8221;PRODUCT CATEGORIES&#8221; font_container=&#8221;tag:p|font_size:25|text_align:left|color:%2329a97a&#8221; use_theme_fonts=&#8221;yes&#8221;][vc_wp_custommenu nav_menu=&#8221;44&#8243;][\/vc_column_inner][vc_column_inner width=&#8221;1\/4&#8243;][vc_custom_heading text=&#8221;PRES-\u0130\u015e&#8221; font_container=&#8221;tag:p|font_size:25|text_align:center|color:%2329a97a&#8221; use_theme_fonts=&#8221;yes&#8221;][vc_wp_custommenu nav_menu=&#8221;42&#8243;][\/vc_column_inner][vc_column_inner width=&#8221;1\/4&#8243;][vc_single_image image=&#8221;122&#8243; img_size=&#8221;full&#8221; alignment=&#8221;center&#8221; css=&#8221;.vc_custom_1643723580126{margin-bottom: 0px !important;border-bottom-width: 0px !important;}&#8221;][vc_column_text]<span style=\"color: #ffffff;\">We started producing stoves 66 years ago. Today the 3rd generation has taken over and with innovative technologies we continue to contribute to the art of \u201ctraditional stove\u201d productions.<\/span>[\/vc_column_text][\/vc_column_inner][\/vc_row_inner][vc_separator color=&#8221;custom&#8221; style=&#8221;dotted&#8221; border_width=&#8221;2&#8243; el_width=&#8221;90&#8243; accent_color=&#8221;#2aa97a&#8221;][vc_column_text]<\/p>\n<p style=\"text-align: center;\"><span style=\"color: #ffffff;\">\u00a9 Copyright 2021 PRES-\u0130\u015e Heating Equipment Industry and Trade Limited Company | All rights reserved.<\/span><\/p>\n<p>[\/vc_column_text][\/vc_column][\/vc_row]<\/p>","protected":false},"excerpt":{"rendered":"<p>[vc_row css=&#8221;.vc_custom_1640781302383{padding-top: 1.5em !important;}&#8221;][vc_column][vc_row_inner css=&#8221;.vc_custom_1640781281061{margin-bottom: 0px !important;border-bottom-width: 0px !important;}&#8221;][vc_column_inner width=&#8221;1\/2&#8243;][vc_single_image image=&#8221;403&#8243; img_size=&#8221;full&#8221; alignment=&#8221;center&#8221;][\/vc_column_inner][vc_column_inner width=&#8221;1\/2&#8243; css=&#8221;.vc_custom_1640781403676{padding-top: 5.5em !important;}&#8221;][vc_column_text] OUR VALUES; LIVE AND LET LIVE&#8230; [\/vc_column_text][vc_column_text] It&#8217;s only<span class=\"excerpt-hellip\"> [\u2026]<\/span><\/p>\n","protected":false},"author":2,"featured_media":0,"parent":0,"menu_order":0,"comment_status":"closed","ping_status":"closed","template":"","meta":[],"yoast_head":"<!-- This site is optimized with the Yoast SEO plugin v20.4 - https:\/\/yoast.com\/wordpress\/plugins\/seo\/ -->\r\n<title>OUR VALUES  - S\u0131cak Dostunuz<\/title>\r\n<meta name=\"robots\" content=\"index, follow, max-snippet:-1, max-image-preview:large, max-video-preview:-1\" \/>\r\n<link rel=\"canonical\" href=\"https:\/\/pres-is.com\/degerlerimiz\/\" \/>\r\n<meta property=\"og:locale\" content=\"en_US\" \/>\r\n<meta property=\"og:type\" content=\"article\" \/>\r\n<meta property=\"og:title\" content=\"[:tr]DE\u011eERLER\u0130M\u0130Z[:en]OUR VALUES [:de]UNSERE WERTE[:] - S\u0131cak Dostunuz\" \/>\r\n<meta property=\"og:description\" content=\"[vc_row css=&#8221;.vc_custom_1640781302383{padding-top: 1.5em !important;}&#8221;][vc_column][vc_row_inner css=&#8221;.vc_custom_1640781281061{margin-bottom: 0px !important;border-bottom-width: 0px !important;}&#8221;][vc_column_inner width=&#8221;1\/2&#8243;][vc_single_image image=&#8221;403&#8243; img_size=&#8221;full&#8221; alignment=&#8221;center&#8221;][\/vc_column_inner][vc_column_inner width=&#8221;1\/2&#8243; css=&#8221;.vc_custom_1640781403676{padding-top: 5.5em !important;}&#8221;][vc_column_text] OUR VALUES; LIVE AND LET LIVE&#8230; [\/vc_column_text][vc_column_text] It&#8217;s only [\u2026]\" \/>\r\n<meta property=\"og:url\" content=\"https:\/\/pres-is.com\/degerlerimiz\/\" \/>\r\n<meta property=\"og:site_name\" content=\"S\u0131cak Dostunuz\" \/>\r\n<meta property=\"article:modified_time\" content=\"2022-08-02T07:59:01+00:00\" \/>\r\n<meta name=\"twitter:card\" content=\"summary_large_image\" \/>\r\n<meta name=\"twitter:label1\" content=\"Est. reading time\" \/>\n\t<meta name=\"twitter:data1\" content=\"2 minutes\" \/>\r\n<script type=\"application\/ld+json\" class=\"yoast-schema-graph\">{\"@context\":\"https:\/\/schema.org\",\"@graph\":[{\"@type\":\"WebPage\",\"@id\":\"https:\/\/pres-is.com\/degerlerimiz\/\",\"url\":\"https:\/\/pres-is.com\/degerlerimiz\/\",\"name\":\"[:tr]DE\u011eERLER\u0130M\u0130Z[:en]OUR VALUES [:de]UNSERE WERTE[:] - S\u0131cak Dostunuz\",\"isPartOf\":{\"@id\":\"https:\/\/pres-is.com\/tr\/#website\"},\"datePublished\":\"2021-12-23T14:19:32+00:00\",\"dateModified\":\"2022-08-02T07:59:01+00:00\",\"breadcrumb\":{\"@id\":\"https:\/\/pres-is.com\/degerlerimiz\/#breadcrumb\"},\"inLanguage\":\"en-US\",\"potentialAction\":[{\"@type\":\"ReadAction\",\"target\":[\"https:\/\/pres-is.com\/degerlerimiz\/\"]}]},{\"@type\":\"BreadcrumbList\",\"@id\":\"https:\/\/pres-is.com\/degerlerimiz\/#breadcrumb\",\"itemListElement\":[{\"@type\":\"ListItem\",\"position\":1,\"name\":\"Anasayfa\",\"item\":\"https:\/\/pres-is.com\/\"},{\"@type\":\"ListItem\",\"position\":2,\"name\":\"DE\u011eERLER\u0130M\u0130Z\"}]},{\"@type\":\"WebSite\",\"@id\":\"https:\/\/pres-is.com\/tr\/#website\",\"url\":\"https:\/\/pres-is.com\/tr\/\",\"name\":\"S\u0131cak Dostunuz\",\"description\":\"\u00dcretim Zaman\u0131\",\"potentialAction\":[{\"@type\":\"SearchAction\",\"target\":{\"@type\":\"EntryPoint\",\"urlTemplate\":\"https:\/\/pres-is.com\/tr\/?s={search_term_string}\"},\"query-input\":\"required name=search_term_string\"}],\"inLanguage\":\"en-US\"}]}<\/script>\r\n<!-- \/ Yoast SEO plugin. -->","yoast_head_json":{"title":"[:tr]DE\u011eERLER\u0130M\u0130Z[:en]OUR VALUES [:de]UNSERE WERTE[:] - S\u0131cak Dostunuz","robots":{"index":"index","follow":"follow","max-snippet":"max-snippet:-1","max-image-preview":"max-image-preview:large","max-video-preview":"max-video-preview:-1"},"canonical":"https:\/\/pres-is.com\/degerlerimiz\/","og_locale":"en_US","og_type":"article","og_title":"[:tr]DE\u011eERLER\u0130M\u0130Z[:en]OUR VALUES [:de]UNSERE WERTE[:] - S\u0131cak Dostunuz","og_description":"[vc_row css=&#8221;.vc_custom_1640781302383{padding-top: 1.5em !important;}&#8221;][vc_column][vc_row_inner css=&#8221;.vc_custom_1640781281061{margin-bottom: 0px !important;border-bottom-width: 0px !important;}&#8221;][vc_column_inner width=&#8221;1\/2&#8243;][vc_single_image image=&#8221;403&#8243; img_size=&#8221;full&#8221; alignment=&#8221;center&#8221;][\/vc_column_inner][vc_column_inner width=&#8221;1\/2&#8243; css=&#8221;.vc_custom_1640781403676{padding-top: 5.5em !important;}&#8221;][vc_column_text] OUR VALUES; LIVE AND LET LIVE&#8230; [\/vc_column_text][vc_column_text] It&#8217;s only [\u2026]","og_url":"https:\/\/pres-is.com\/degerlerimiz\/","og_site_name":"S\u0131cak Dostunuz","article_modified_time":"2022-08-02T07:59:01+00:00","twitter_card":"summary_large_image","twitter_misc":{"Est. reading time":"2 minutes"},"schema":{"@context":"https:\/\/schema.org","@graph":[{"@type":"WebPage","@id":"https:\/\/pres-is.com\/degerlerimiz\/","url":"https:\/\/pres-is.com\/degerlerimiz\/","name":"[:tr]DE\u011eERLER\u0130M\u0130Z[:en]OUR VALUES [:de]UNSERE WERTE[:] - S\u0131cak Dostunuz","isPartOf":{"@id":"https:\/\/pres-is.com\/tr\/#website"},"datePublished":"2021-12-23T14:19:32+00:00","dateModified":"2022-08-02T07:59:01+00:00","breadcrumb":{"@id":"https:\/\/pres-is.com\/degerlerimiz\/#breadcrumb"},"inLanguage":"en-US","potentialAction":[{"@type":"ReadAction","target":["https:\/\/pres-is.com\/degerlerimiz\/"]}]},{"@type":"BreadcrumbList","@id":"https:\/\/pres-is.com\/degerlerimiz\/#breadcrumb","itemListElement":[{"@type":"ListItem","position":1,"name":"Anasayfa","item":"https:\/\/pres-is.com\/"},{"@type":"ListItem","position":2,"name":"DE\u011eERLER\u0130M\u0130Z"}]},{"@type":"WebSite","@id":"https:\/\/pres-is.com\/tr\/#website","url":"https:\/\/pres-is.com\/tr\/","name":"S\u0131cak Dostunuz","description":"\u00dcretim Zaman\u0131","potentialAction":[{"@type":"SearchAction","target":{"@type":"EntryPoint","urlTemplate":"https:\/\/pres-is.com\/tr\/?s={search_term_string}"},"query-input":"required name=search_term_string"}],"inLanguage":"en-US"}]}},"_links":{"self":[{"href":"https:\/\/pres-is.com\/en\/wp-json\/wp\/v2\/pages\/171"}],"collection":[{"href":"https:\/\/pres-is.com\/en\/wp-json\/wp\/v2\/pages"}],"about":[{"href":"https:\/\/pres-is.com\/en\/wp-json\/wp\/v2\/types\/page"}],"author":[{"embeddable":true,"href":"https:\/\/pres-is.com\/en\/wp-json\/wp\/v2\/users\/2"}],"replies":[{"embeddable":true,"href":"https:\/\/pres-is.com\/en\/wp-json\/wp\/v2\/comments?post=171"}],"version-history":[{"count":46,"href":"https:\/\/pres-is.com\/en\/wp-json\/wp\/v2\/pages\/171\/revisions"}],"predecessor-version":[{"id":1022,"href":"https:\/\/pres-is.com\/en\/wp-json\/wp\/v2\/pages\/171\/revisions\/1022"}],"wp:attachment":[{"href":"https:\/\/pres-is.com\/en\/wp-json\/wp\/v2\/media?parent=171"}],"curies":[{"name":"wp","href":"https:\/\/api.w.org\/{rel}","templated":true}]}}