{"id":224,"date":"2021-12-24T11:13:21","date_gmt":"2021-12-24T11:13:21","guid":{"rendered":"https:\/\/pres-is.com\/?post_type=product&#038;p=224"},"modified":"2022-07-25T11:14:41","modified_gmt":"2022-07-25T11:14:41","slug":"mat-camli-badi-tuglali-62","status":"publish","type":"product","link":"https:\/\/pres-is.com\/de\/urun\/mat-camli-badi-tuglali-62\/","title":{"rendered":"Mat Caml\u0131 Badi Tu\u011flal\u0131-62"},"content":{"rendered":"<p><span class=\"fontstyle0\">\u00c7evreyi koruma ve kirlili\u011fi \u00f6nlemede s\u00fcrekli iyile\u015ftirme sa\u011flayarak d\u00fcnyay\u0131 teslim edece\u011fimiz nesillerimize temiz bir \u00e7evre b\u0131rakmay\u0131 en \u00f6nemli sorumlulu\u011fumuz olarak benimsedik.<\/span><\/p>\n","protected":false},"excerpt":{"rendered":"<p><strong>BACKSTEIN BUDDY OFEN<\/strong><\/p>\n<p><strong>PR 703M<\/strong><\/p>\n<p><span class=\"fontstyle0\">H\u00f6he: 62 cm.<br \/>\nBreite: 34 cm.<br \/>\nTiefe: 65 cm.<\/span><\/p>\n","protected":false},"featured_media":226,"comment_status":"closed","ping_status":"closed","template":"","meta":[],"product_cat":[23],"product_tag":[],"yoast_head":"<!-- This site is optimized with the Yoast SEO plugin v20.4 - https:\/\/yoast.com\/wordpress\/plugins\/seo\/ -->\r\n<title>Mat Caml\u0131 Badi Tu\u011flal\u0131-62 - S\u0131cak Dostunuz<\/title>\r\n<meta name=\"robots\" content=\"index, follow, max-snippet:-1, max-image-preview:large, max-video-preview:-1\" \/>\r\n<link rel=\"canonical\" href=\"https:\/\/pres-is.com\/urun\/mat-camli-badi-tuglali-62\/\" \/>\r\n<meta property=\"og:locale\" content=\"de_DE\" \/>\r\n<meta property=\"og:type\" content=\"article\" \/>\r\n<meta property=\"og:title\" content=\"Mat Caml\u0131 Badi Tu\u011flal\u0131-62 - S\u0131cak Dostunuz\" \/>\r\n<meta property=\"og:description\" content=\"[:tr]D\u00d6K\u00dcM \u015e\u00d6M\u0130NELER Modena Lux \u015e\u00f6mine   Y\u00fckseklik : 62 cm. Geni\u015flik : 34cm. Derinlik : 65cm[:en]&nbsp;  BRICK BUDDY OVENS  PR 703M  Height: 62 cm. Width: 34 cm. Depth: 65 cm.[:de]BACKSTEIN BUDDY OFEN  PR 703M  H\u00f6he: 62 cm. Breite: 34 cm. Tiefe: 65 cm.[:]\" \/>\r\n<meta property=\"og:url\" content=\"https:\/\/pres-is.com\/urun\/mat-camli-badi-tuglali-62\/\" \/>\r\n<meta property=\"og:site_name\" content=\"S\u0131cak Dostunuz\" \/>\r\n<meta property=\"article:modified_time\" content=\"2022-07-25T11:14:41+00:00\" \/>\r\n<meta property=\"og:image\" content=\"https:\/\/pres-is.com\/wp-content\/uploads\/2021\/12\/62-Mat-camli-Badi-Tuglali-1.png\" \/>\r\n\t<meta property=\"og:image:width\" content=\"960\" \/>\r\n\t<meta property=\"og:image:height\" content=\"720\" \/>\r\n\t<meta property=\"og:image:type\" content=\"image\/png\" \/>\r\n<meta name=\"twitter:card\" content=\"summary_large_image\" \/>\r\n<script type=\"application\/ld+json\" class=\"yoast-schema-graph\">{\"@context\":\"https:\/\/schema.org\",\"@graph\":[{\"@type\":\"WebPage\",\"@id\":\"https:\/\/pres-is.com\/urun\/mat-camli-badi-tuglali-62\/\",\"url\":\"https:\/\/pres-is.com\/urun\/mat-camli-badi-tuglali-62\/\",\"name\":\"Mat Caml\u0131 Badi Tu\u011flal\u0131-62 - S\u0131cak Dostunuz\",\"isPartOf\":{\"@id\":\"https:\/\/pres-is.com\/tr\/#website\"},\"datePublished\":\"2021-12-24T11:13:21+00:00\",\"dateModified\":\"2022-07-25T11:14:41+00:00\",\"breadcrumb\":{\"@id\":\"https:\/\/pres-is.com\/urun\/mat-camli-badi-tuglali-62\/#breadcrumb\"},\"inLanguage\":\"de\",\"potentialAction\":[{\"@type\":\"ReadAction\",\"target\":[\"https:\/\/pres-is.com\/urun\/mat-camli-badi-tuglali-62\/\"]}]},{\"@type\":\"BreadcrumbList\",\"@id\":\"https:\/\/pres-is.com\/urun\/mat-camli-badi-tuglali-62\/#breadcrumb\",\"itemListElement\":[{\"@type\":\"ListItem\",\"position\":1,\"name\":\"Anasayfa\",\"item\":\"https:\/\/pres-is.com\/\"},{\"@type\":\"ListItem\",\"position\":2,\"name\":\"Ma\u011faza\",\"item\":\"https:\/\/pres-is.com\/en\/magaza\/\"},{\"@type\":\"ListItem\",\"position\":3,\"name\":\"Mat Caml\u0131 Badi Tu\u011flal\u0131-62\"}]},{\"@type\":\"WebSite\",\"@id\":\"https:\/\/pres-is.com\/tr\/#website\",\"url\":\"https:\/\/pres-is.com\/tr\/\",\"name\":\"S\u0131cak Dostunuz\",\"description\":\"\u00dcretim Zaman\u0131\",\"potentialAction\":[{\"@type\":\"SearchAction\",\"target\":{\"@type\":\"EntryPoint\",\"urlTemplate\":\"https:\/\/pres-is.com\/tr\/?s={search_term_string}\"},\"query-input\":\"required name=search_term_string\"}],\"inLanguage\":\"de\"}]}<\/script>\r\n<!-- \/ Yoast SEO plugin. -->","yoast_head_json":{"title":"Mat Caml\u0131 Badi Tu\u011flal\u0131-62 - S\u0131cak Dostunuz","robots":{"index":"index","follow":"follow","max-snippet":"max-snippet:-1","max-image-preview":"max-image-preview:large","max-video-preview":"max-video-preview:-1"},"canonical":"https:\/\/pres-is.com\/urun\/mat-camli-badi-tuglali-62\/","og_locale":"de_DE","og_type":"article","og_title":"Mat Caml\u0131 Badi Tu\u011flal\u0131-62 - S\u0131cak Dostunuz","og_description":"[:tr]D\u00d6K\u00dcM \u015e\u00d6M\u0130NELER Modena Lux \u015e\u00f6mine   Y\u00fckseklik : 62 cm. Geni\u015flik : 34cm. Derinlik : 65cm[:en]&nbsp;  BRICK BUDDY OVENS  PR 703M  Height: 62 cm. Width: 34 cm. Depth: 65 cm.[:de]BACKSTEIN BUDDY OFEN  PR 703M  H\u00f6he: 62 cm. Breite: 34 cm. Tiefe: 65 cm.[:]","og_url":"https:\/\/pres-is.com\/urun\/mat-camli-badi-tuglali-62\/","og_site_name":"S\u0131cak Dostunuz","article_modified_time":"2022-07-25T11:14:41+00:00","og_image":[{"width":960,"height":720,"url":"https:\/\/pres-is.com\/wp-content\/uploads\/2021\/12\/62-Mat-camli-Badi-Tuglali-1.png","type":"image\/png"}],"twitter_card":"summary_large_image","schema":{"@context":"https:\/\/schema.org","@graph":[{"@type":"WebPage","@id":"https:\/\/pres-is.com\/urun\/mat-camli-badi-tuglali-62\/","url":"https:\/\/pres-is.com\/urun\/mat-camli-badi-tuglali-62\/","name":"Mat Caml\u0131 Badi Tu\u011flal\u0131-62 - S\u0131cak Dostunuz","isPartOf":{"@id":"https:\/\/pres-is.com\/tr\/#website"},"datePublished":"2021-12-24T11:13:21+00:00","dateModified":"2022-07-25T11:14:41+00:00","breadcrumb":{"@id":"https:\/\/pres-is.com\/urun\/mat-camli-badi-tuglali-62\/#breadcrumb"},"inLanguage":"de","potentialAction":[{"@type":"ReadAction","target":["https:\/\/pres-is.com\/urun\/mat-camli-badi-tuglali-62\/"]}]},{"@type":"BreadcrumbList","@id":"https:\/\/pres-is.com\/urun\/mat-camli-badi-tuglali-62\/#breadcrumb","itemListElement":[{"@type":"ListItem","position":1,"name":"Anasayfa","item":"https:\/\/pres-is.com\/"},{"@type":"ListItem","position":2,"name":"Ma\u011faza","item":"https:\/\/pres-is.com\/en\/magaza\/"},{"@type":"ListItem","position":3,"name":"Mat Caml\u0131 Badi Tu\u011flal\u0131-62"}]},{"@type":"WebSite","@id":"https:\/\/pres-is.com\/tr\/#website","url":"https:\/\/pres-is.com\/tr\/","name":"S\u0131cak Dostunuz","description":"\u00dcretim Zaman\u0131","potentialAction":[{"@type":"SearchAction","target":{"@type":"EntryPoint","urlTemplate":"https:\/\/pres-is.com\/tr\/?s={search_term_string}"},"query-input":"required name=search_term_string"}],"inLanguage":"de"}]}},"_links":{"self":[{"href":"https:\/\/pres-is.com\/de\/wp-json\/wp\/v2\/product\/224"}],"collection":[{"href":"https:\/\/pres-is.com\/de\/wp-json\/wp\/v2\/product"}],"about":[{"href":"https:\/\/pres-is.com\/de\/wp-json\/wp\/v2\/types\/product"}],"replies":[{"embeddable":true,"href":"https:\/\/pres-is.com\/de\/wp-json\/wp\/v2\/comments?post=224"}],"wp:featuredmedia":[{"embeddable":true,"href":"https:\/\/pres-is.com\/de\/wp-json\/wp\/v2\/media\/226"}],"wp:attachment":[{"href":"https:\/\/pres-is.com\/de\/wp-json\/wp\/v2\/media?parent=224"}],"wp:term":[{"taxonomy":"product_cat","embeddable":true,"href":"https:\/\/pres-is.com\/de\/wp-json\/wp\/v2\/product_cat?post=224"},{"taxonomy":"product_tag","embeddable":true,"href":"https:\/\/pres-is.com\/de\/wp-json\/wp\/v2\/product_tag?post=224"}],"curies":[{"name":"wp","href":"https:\/\/api.w.org\/{rel}","templated":true}]}}