{"id":200,"date":"2021-12-23T21:37:16","date_gmt":"2021-12-23T21:37:16","guid":{"rendered":"https:\/\/pres-is.com\/?post_type=product&#038;p=200"},"modified":"2022-07-30T08:12:54","modified_gmt":"2022-07-30T08:12:54","slug":"mat-fiyonk-desen-kovali","status":"publish","type":"product","link":"https:\/\/pres-is.com\/de\/urun\/mat-fiyonk-desen-kovali\/","title":{"rendered":"Eimerofen mit mattem Schleifenmuster"},"content":{"rendered":"<p><span class=\"fontstyle0\">Arzulad\u0131\u011f\u0131m\u0131z Kaliteye ula\u015fabilmek, ancak etik kurallara riayet ederek ve Do\u011fam\u0131z\u0131 koruyarak ger\u00e7ekle\u015fir. Sa\u011fl\u0131kl\u0131 bir i\u015f ortam\u0131, temiz bir \u00e7evre, %100 kazan\u0131lm\u0131\u015f bir m\u00fc\u015fteri memnuniyeti do\u011fru yolda oldu\u011fumuzun i\u015faretidir.<\/span><\/p>\n","protected":false},"excerpt":{"rendered":"<p><strong>KLEINE HOLZ\u00d6FEN AUS BLECH<\/strong><\/p>\n<p><strong>PR 901M<\/strong><\/p>\n<p><span class=\"fontstyle0\">H\u00f6he: 68 cm.<br \/>\nBreite: 44 cm.<br \/>\nTiefe: 59 cm.<\/span><\/p>\n","protected":false},"featured_media":216,"comment_status":"closed","ping_status":"closed","template":"","meta":[],"product_cat":[24],"product_tag":[],"yoast_head":"<!-- This site is optimized with the Yoast SEO plugin v20.4 - https:\/\/yoast.com\/wordpress\/plugins\/seo\/ -->\r\n<title>Eimerofen mit mattem Schleifenmuster - S\u0131cak Dostunuz<\/title>\r\n<meta name=\"robots\" content=\"index, follow, max-snippet:-1, max-image-preview:large, max-video-preview:-1\" \/>\r\n<link rel=\"canonical\" href=\"https:\/\/pres-is.com\/urun\/mat-fiyonk-desen-kovali\/\" \/>\r\n<meta property=\"og:locale\" content=\"de_DE\" \/>\r\n<meta property=\"og:type\" content=\"article\" \/>\r\n<meta property=\"og:title\" content=\"[:tr]Mat Fiyonk Desen Koval\u0131[:en]Matte Bow Patterned Bucket Stove[:de]Eimerofen mit mattem Schleifenmuster[:] - S\u0131cak Dostunuz\" \/>\r\n<meta property=\"og:description\" content=\"[:tr]Halk Tipi Koval\u0131 Soba Mat Fiyonk Desen Koval\u0131 Soba   Y\u00fckseklik : 68 cm. Geni\u015flik : 44cm. Derinlik : 59cm.[:en]&nbsp;  SMALL IRON WOOD STOVES  PR 901M  Height: 68 cm. Width: 44 cm. Depth: 59 cm.[:de]KLEINE HOLZ\u00d6FEN AUS BLECH  PR 901M  H\u00f6he: 68 cm. Breite: 44 cm. Tiefe: 59 cm.[:]\" \/>\r\n<meta property=\"og:url\" content=\"https:\/\/pres-is.com\/urun\/mat-fiyonk-desen-kovali\/\" \/>\r\n<meta property=\"og:site_name\" content=\"S\u0131cak Dostunuz\" \/>\r\n<meta property=\"article:modified_time\" content=\"2022-07-30T08:12:54+00:00\" \/>\r\n<meta property=\"og:image\" content=\"https:\/\/pres-is.com\/wp-content\/uploads\/2021\/12\/Halk-Tipi-Mat-Fiyonk-Desen-Kovali-1.png\" \/>\r\n\t<meta property=\"og:image:width\" content=\"960\" \/>\r\n\t<meta property=\"og:image:height\" content=\"720\" \/>\r\n\t<meta property=\"og:image:type\" content=\"image\/png\" \/>\r\n<meta name=\"twitter:card\" content=\"summary_large_image\" \/>\r\n<script type=\"application\/ld+json\" class=\"yoast-schema-graph\">{\"@context\":\"https:\/\/schema.org\",\"@graph\":[{\"@type\":\"WebPage\",\"@id\":\"https:\/\/pres-is.com\/urun\/mat-fiyonk-desen-kovali\/\",\"url\":\"https:\/\/pres-is.com\/urun\/mat-fiyonk-desen-kovali\/\",\"name\":\"[:tr]Mat Fiyonk Desen Koval\u0131[:en]Matte Bow Patterned Bucket Stove[:de]Eimerofen mit mattem Schleifenmuster[:] - S\u0131cak Dostunuz\",\"isPartOf\":{\"@id\":\"https:\/\/pres-is.com\/tr\/#website\"},\"datePublished\":\"2021-12-23T21:37:16+00:00\",\"dateModified\":\"2022-07-30T08:12:54+00:00\",\"breadcrumb\":{\"@id\":\"https:\/\/pres-is.com\/urun\/mat-fiyonk-desen-kovali\/#breadcrumb\"},\"inLanguage\":\"de\",\"potentialAction\":[{\"@type\":\"ReadAction\",\"target\":[\"https:\/\/pres-is.com\/urun\/mat-fiyonk-desen-kovali\/\"]}]},{\"@type\":\"BreadcrumbList\",\"@id\":\"https:\/\/pres-is.com\/urun\/mat-fiyonk-desen-kovali\/#breadcrumb\",\"itemListElement\":[{\"@type\":\"ListItem\",\"position\":1,\"name\":\"Anasayfa\",\"item\":\"https:\/\/pres-is.com\/\"},{\"@type\":\"ListItem\",\"position\":2,\"name\":\"Ma\u011faza\",\"item\":\"https:\/\/pres-is.com\/en\/magaza\/\"},{\"@type\":\"ListItem\",\"position\":3,\"name\":\"Mat Fiyonk Desen Koval\u0131\"}]},{\"@type\":\"WebSite\",\"@id\":\"https:\/\/pres-is.com\/tr\/#website\",\"url\":\"https:\/\/pres-is.com\/tr\/\",\"name\":\"S\u0131cak Dostunuz\",\"description\":\"\u00dcretim Zaman\u0131\",\"potentialAction\":[{\"@type\":\"SearchAction\",\"target\":{\"@type\":\"EntryPoint\",\"urlTemplate\":\"https:\/\/pres-is.com\/tr\/?s={search_term_string}\"},\"query-input\":\"required name=search_term_string\"}],\"inLanguage\":\"de\"}]}<\/script>\r\n<!-- \/ Yoast SEO plugin. -->","yoast_head_json":{"title":"[:tr]Mat Fiyonk Desen Koval\u0131[:en]Matte Bow Patterned Bucket Stove[:de]Eimerofen mit mattem Schleifenmuster[:] - S\u0131cak Dostunuz","robots":{"index":"index","follow":"follow","max-snippet":"max-snippet:-1","max-image-preview":"max-image-preview:large","max-video-preview":"max-video-preview:-1"},"canonical":"https:\/\/pres-is.com\/urun\/mat-fiyonk-desen-kovali\/","og_locale":"de_DE","og_type":"article","og_title":"[:tr]Mat Fiyonk Desen Koval\u0131[:en]Matte Bow Patterned Bucket Stove[:de]Eimerofen mit mattem Schleifenmuster[:] - S\u0131cak Dostunuz","og_description":"[:tr]Halk Tipi Koval\u0131 Soba Mat Fiyonk Desen Koval\u0131 Soba   Y\u00fckseklik : 68 cm. Geni\u015flik : 44cm. Derinlik : 59cm.[:en]&nbsp;  SMALL IRON WOOD STOVES  PR 901M  Height: 68 cm. Width: 44 cm. Depth: 59 cm.[:de]KLEINE HOLZ\u00d6FEN AUS BLECH  PR 901M  H\u00f6he: 68 cm. Breite: 44 cm. Tiefe: 59 cm.[:]","og_url":"https:\/\/pres-is.com\/urun\/mat-fiyonk-desen-kovali\/","og_site_name":"S\u0131cak Dostunuz","article_modified_time":"2022-07-30T08:12:54+00:00","og_image":[{"width":960,"height":720,"url":"https:\/\/pres-is.com\/wp-content\/uploads\/2021\/12\/Halk-Tipi-Mat-Fiyonk-Desen-Kovali-1.png","type":"image\/png"}],"twitter_card":"summary_large_image","schema":{"@context":"https:\/\/schema.org","@graph":[{"@type":"WebPage","@id":"https:\/\/pres-is.com\/urun\/mat-fiyonk-desen-kovali\/","url":"https:\/\/pres-is.com\/urun\/mat-fiyonk-desen-kovali\/","name":"[:tr]Mat Fiyonk Desen Koval\u0131[:en]Matte Bow Patterned Bucket Stove[:de]Eimerofen mit mattem Schleifenmuster[:] - S\u0131cak Dostunuz","isPartOf":{"@id":"https:\/\/pres-is.com\/tr\/#website"},"datePublished":"2021-12-23T21:37:16+00:00","dateModified":"2022-07-30T08:12:54+00:00","breadcrumb":{"@id":"https:\/\/pres-is.com\/urun\/mat-fiyonk-desen-kovali\/#breadcrumb"},"inLanguage":"de","potentialAction":[{"@type":"ReadAction","target":["https:\/\/pres-is.com\/urun\/mat-fiyonk-desen-kovali\/"]}]},{"@type":"BreadcrumbList","@id":"https:\/\/pres-is.com\/urun\/mat-fiyonk-desen-kovali\/#breadcrumb","itemListElement":[{"@type":"ListItem","position":1,"name":"Anasayfa","item":"https:\/\/pres-is.com\/"},{"@type":"ListItem","position":2,"name":"Ma\u011faza","item":"https:\/\/pres-is.com\/en\/magaza\/"},{"@type":"ListItem","position":3,"name":"Mat Fiyonk Desen Koval\u0131"}]},{"@type":"WebSite","@id":"https:\/\/pres-is.com\/tr\/#website","url":"https:\/\/pres-is.com\/tr\/","name":"S\u0131cak Dostunuz","description":"\u00dcretim Zaman\u0131","potentialAction":[{"@type":"SearchAction","target":{"@type":"EntryPoint","urlTemplate":"https:\/\/pres-is.com\/tr\/?s={search_term_string}"},"query-input":"required name=search_term_string"}],"inLanguage":"de"}]}},"_links":{"self":[{"href":"https:\/\/pres-is.com\/de\/wp-json\/wp\/v2\/product\/200"}],"collection":[{"href":"https:\/\/pres-is.com\/de\/wp-json\/wp\/v2\/product"}],"about":[{"href":"https:\/\/pres-is.com\/de\/wp-json\/wp\/v2\/types\/product"}],"replies":[{"embeddable":true,"href":"https:\/\/pres-is.com\/de\/wp-json\/wp\/v2\/comments?post=200"}],"wp:featuredmedia":[{"embeddable":true,"href":"https:\/\/pres-is.com\/de\/wp-json\/wp\/v2\/media\/216"}],"wp:attachment":[{"href":"https:\/\/pres-is.com\/de\/wp-json\/wp\/v2\/media?parent=200"}],"wp:term":[{"taxonomy":"product_cat","embeddable":true,"href":"https:\/\/pres-is.com\/de\/wp-json\/wp\/v2\/product_cat?post=200"},{"taxonomy":"product_tag","embeddable":true,"href":"https:\/\/pres-is.com\/de\/wp-json\/wp\/v2\/product_tag?post=200"}],"curies":[{"name":"wp","href":"https:\/\/api.w.org\/{rel}","templated":true}]}}