{"id":181,"date":"2021-12-23T17:49:48","date_gmt":"2021-12-23T14:49:48","guid":{"rendered":"https:\/\/pres-is.com\/?page_id=181"},"modified":"2022-08-02T08:03:15","modified_gmt":"2022-08-02T08:03:15","slug":"is-ve-egitim","status":"publish","type":"page","link":"https:\/\/pres-is.com\/de\/is-ve-egitim\/","title":{"rendered":"JOBS &#038; AUSBILDUNG"},"content":{"rendered":"<p>[vc_row css=&#8220;.vc_custom_1640781302383{padding-top: 1.5em !important;}&#8220;][vc_column][vc_row_inner css=&#8220;.vc_custom_1640781281061{margin-bottom: 0px !important;border-bottom-width: 0px !important;}&#8220;][vc_column_inner width=&#8220;1\/2&#8243; css=&#8220;.vc_custom_1640782981838{padding-top: 4.0em !important;}&#8220;][vc_column_text]<\/p>\n<h1 style=\"text-align: center;\"><b>DIE ZUKUNFT<br \/>\n<\/b>EXISTIERT IN TRADITION<\/h1>\n<p style=\"text-align: center;\"><strong>Qualit\u00e4t entsteht durch ein nahtloses Teamwork und ein nahtloses Teamwork kann nur mit einem Qualit\u00e4tsteam gelingen.<\/strong><\/p>\n<p style=\"text-align: center;\">Als Pres \u0130\u015f wissen wir sehr gut, dass die traditionelle Ofenherstellung eine eigene Kunst ist.<\/p>\n<p style=\"text-align: center;\">Wir sind uns bewusst, dass der Einsatz von \u00d6fen im globalen System nicht mehr so \u200b\u200bbeliebt ist wie fr\u00fcher, aber wir haben es uns als unser Hauptziel gemacht, den Ofen heute und an unsere zuk\u00fcnftigen Generationen zu \u00fcbertragen. Unser Traum ist es, unsere jungen Leute zu inspirieren, unsere traditionellen Kamin\u00f6fen herzustellen und sie f\u00fcr diese Kunst zu begeistern.<\/p>\n<p style=\"text-align: center;\">Unsere \u00d6fen werden vollst\u00e4ndig in der T\u00fcrkei mit der hingebungsvollen Arbeit eines Teams von 20 Personen hergestellt. Wenn Sie mit Ihren Ideen und F\u00e4higkeiten zu dieser Kunst beitragen m\u00f6chten, w\u00fcrden wir Sie gerne in ein herzliches Arbeitsumfeld einladen.<\/p>\n<p>[\/vc_column_text][\/vc_column_inner][vc_column_inner width=&#8220;1\/2&#8243;][vc_single_image image=&#8220;463&#8243; img_size=&#8220;full&#8220; alignment=&#8220;center&#8220;][\/vc_column_inner][\/vc_row_inner][\/vc_column][\/vc_row][vc_row full_width=&#8220;stretch_row_content&#8220; gap=&#8220;10&#8243; css=&#8220;.vc_custom_1641050889428{padding-top: 50px !important;background-image: url(https:\/\/pres-is.com\/wp-content\/uploads\/2022\/01\/bg-alt-01.jpg?id=484) !important;background-position: center !important;background-repeat: no-repeat !important;background-size: cover !important;}&#8220;][vc_column][vc_row_inner][vc_column_inner width=&#8220;1\/4&#8243;][vc_custom_heading text=&#8220;PRES-\u0130\u015e OFEN&#8220; font_container=&#8220;tag:p|font_size:25|text_align:center|color:%2329a97a&#8220; use_theme_fonts=&#8220;yes&#8220;][vc_wp_custommenu nav_menu=&#8220;43&#8243;][\/vc_column_inner][vc_column_inner width=&#8220;1\/4&#8243;][vc_custom_heading text=&#8220;PRODUKTKATEGORIEN&#8220; font_container=&#8220;tag:p|font_size:25|text_align:left|color:%2329a97a&#8220; use_theme_fonts=&#8220;yes&#8220;][vc_wp_custommenu nav_menu=&#8220;44&#8243;][\/vc_column_inner][vc_column_inner width=&#8220;1\/4&#8243;][vc_custom_heading text=&#8220;PRES-\u0130\u015e &#8220; font_container=&#8220;tag:p|font_size:25|text_align:center|color:%2329a97a&#8220; use_theme_fonts=&#8220;yes&#8220;][vc_wp_custommenu nav_menu=&#8220;42&#8243;][\/vc_column_inner][vc_column_inner width=&#8220;1\/4&#8243;][vc_single_image image=&#8220;122&#8243; img_size=&#8220;full&#8220; alignment=&#8220;center&#8220; css=&#8220;.vc_custom_1643723644992{margin-bottom: 0px !important;border-bottom-width: 0px !important;}&#8220;][vc_column_text]<span style=\"color: #ffffff;\">Wir haben vor 66 Jahren mit der Produktion von Holz\u00f6fen begonnen. Heute hat die 3. Generation \u00fcbernommen und wir tragen weiterhin zu dieser Kunst bei, um Tag f\u00fcr Tag den \u201eTraditionellen Holzofen\u201c mit innovativen Technologien zu produzieren.<\/span>[\/vc_column_text][\/vc_column_inner][\/vc_row_inner][vc_separator color=&#8220;custom&#8220; style=&#8220;dotted&#8220; border_width=&#8220;2&#8243; el_width=&#8220;90&#8243; accent_color=&#8220;#2aa97a&#8220;][vc_column_text]<\/p>\n<p style=\"text-align: center;\"><span style=\"color: #ffffff;\">\u00a9 Copyright 2021 PRES-\u0130\u015e Industrie- und Handelsgesellschaft f\u00fcr Heizger\u00e4te | Alle Rechte vorbehalten.<\/span><\/p>\n<p>[\/vc_column_text][\/vc_column][\/vc_row]<\/p>","protected":false},"excerpt":{"rendered":"<p>[vc_row css=&#8220;.vc_custom_1640781302383{padding-top: 1.5em !important;}&#8220;][vc_column][vc_row_inner css=&#8220;.vc_custom_1640781281061{margin-bottom: 0px !important;border-bottom-width: 0px !important;}&#8220;][vc_column_inner width=&#8220;1\/2&#8243; css=&#8220;.vc_custom_1640782981838{padding-top: 4.0em !important;}&#8220;][vc_column_text] DIE ZUKUNFT EXISTIERT IN TRADITION Qualit\u00e4t entsteht durch ein nahtloses Teamwork und ein<span class=\"excerpt-hellip\"> [\u2026]<\/span><\/p>\n","protected":false},"author":2,"featured_media":0,"parent":0,"menu_order":0,"comment_status":"closed","ping_status":"closed","template":"","meta":[],"yoast_head":"<!-- This site is optimized with the Yoast SEO plugin v20.4 - https:\/\/yoast.com\/wordpress\/plugins\/seo\/ -->\r\n<title>JOBS &amp; AUSBILDUNG - S\u0131cak Dostunuz<\/title>\r\n<meta name=\"robots\" content=\"index, follow, max-snippet:-1, max-image-preview:large, max-video-preview:-1\" \/>\r\n<link rel=\"canonical\" href=\"https:\/\/pres-is.com\/is-ve-egitim\/\" \/>\r\n<meta property=\"og:locale\" content=\"de_DE\" \/>\r\n<meta property=\"og:type\" content=\"article\" \/>\r\n<meta property=\"og:title\" content=\"[:tr]\u0130\u015e VE E\u011e\u0130T\u0130M[:en]WORK &amp; EDUCATION:[:de]JOBS &amp; AUSBILDUNG[:] - S\u0131cak Dostunuz\" \/>\r\n<meta property=\"og:description\" content=\"[vc_row css=&#8220;.vc_custom_1640781302383{padding-top: 1.5em !important;}&#8220;][vc_column][vc_row_inner css=&#8220;.vc_custom_1640781281061{margin-bottom: 0px !important;border-bottom-width: 0px !important;}&#8220;][vc_column_inner width=&#8220;1\/2&#8243; css=&#8220;.vc_custom_1640782981838{padding-top: 4.0em !important;}&#8220;][vc_column_text] DIE ZUKUNFT EXISTIERT IN TRADITION Qualit\u00e4t entsteht durch ein nahtloses Teamwork und ein [\u2026]\" \/>\r\n<meta property=\"og:url\" content=\"https:\/\/pres-is.com\/is-ve-egitim\/\" \/>\r\n<meta property=\"og:site_name\" content=\"S\u0131cak Dostunuz\" \/>\r\n<meta property=\"article:modified_time\" content=\"2022-08-02T08:03:15+00:00\" \/>\r\n<meta name=\"twitter:card\" content=\"summary_large_image\" \/>\r\n<meta name=\"twitter:label1\" content=\"Gesch\u00e4tzte Lesezeit\" \/>\n\t<meta name=\"twitter:data1\" content=\"2\u00a0Minuten\" \/>\r\n<script type=\"application\/ld+json\" class=\"yoast-schema-graph\">{\"@context\":\"https:\/\/schema.org\",\"@graph\":[{\"@type\":\"WebPage\",\"@id\":\"https:\/\/pres-is.com\/is-ve-egitim\/\",\"url\":\"https:\/\/pres-is.com\/is-ve-egitim\/\",\"name\":\"[:tr]\u0130\u015e VE E\u011e\u0130T\u0130M[:en]WORK & EDUCATION:[:de]JOBS & AUSBILDUNG[:] - S\u0131cak Dostunuz\",\"isPartOf\":{\"@id\":\"https:\/\/pres-is.com\/tr\/#website\"},\"datePublished\":\"2021-12-23T14:49:48+00:00\",\"dateModified\":\"2022-08-02T08:03:15+00:00\",\"breadcrumb\":{\"@id\":\"https:\/\/pres-is.com\/is-ve-egitim\/#breadcrumb\"},\"inLanguage\":\"de\",\"potentialAction\":[{\"@type\":\"ReadAction\",\"target\":[\"https:\/\/pres-is.com\/is-ve-egitim\/\"]}]},{\"@type\":\"BreadcrumbList\",\"@id\":\"https:\/\/pres-is.com\/is-ve-egitim\/#breadcrumb\",\"itemListElement\":[{\"@type\":\"ListItem\",\"position\":1,\"name\":\"Anasayfa\",\"item\":\"https:\/\/pres-is.com\/\"},{\"@type\":\"ListItem\",\"position\":2,\"name\":\"\u0130\u015e VE E\u011e\u0130T\u0130M\"}]},{\"@type\":\"WebSite\",\"@id\":\"https:\/\/pres-is.com\/tr\/#website\",\"url\":\"https:\/\/pres-is.com\/tr\/\",\"name\":\"S\u0131cak Dostunuz\",\"description\":\"\u00dcretim Zaman\u0131\",\"potentialAction\":[{\"@type\":\"SearchAction\",\"target\":{\"@type\":\"EntryPoint\",\"urlTemplate\":\"https:\/\/pres-is.com\/tr\/?s={search_term_string}\"},\"query-input\":\"required name=search_term_string\"}],\"inLanguage\":\"de\"}]}<\/script>\r\n<!-- \/ Yoast SEO plugin. -->","yoast_head_json":{"title":"[:tr]\u0130\u015e VE E\u011e\u0130T\u0130M[:en]WORK & EDUCATION:[:de]JOBS & AUSBILDUNG[:] - S\u0131cak Dostunuz","robots":{"index":"index","follow":"follow","max-snippet":"max-snippet:-1","max-image-preview":"max-image-preview:large","max-video-preview":"max-video-preview:-1"},"canonical":"https:\/\/pres-is.com\/is-ve-egitim\/","og_locale":"de_DE","og_type":"article","og_title":"[:tr]\u0130\u015e VE E\u011e\u0130T\u0130M[:en]WORK & EDUCATION:[:de]JOBS & AUSBILDUNG[:] - S\u0131cak Dostunuz","og_description":"[vc_row css=&#8220;.vc_custom_1640781302383{padding-top: 1.5em !important;}&#8220;][vc_column][vc_row_inner css=&#8220;.vc_custom_1640781281061{margin-bottom: 0px !important;border-bottom-width: 0px !important;}&#8220;][vc_column_inner width=&#8220;1\/2&#8243; css=&#8220;.vc_custom_1640782981838{padding-top: 4.0em !important;}&#8220;][vc_column_text] DIE ZUKUNFT EXISTIERT IN TRADITION Qualit\u00e4t entsteht durch ein nahtloses Teamwork und ein [\u2026]","og_url":"https:\/\/pres-is.com\/is-ve-egitim\/","og_site_name":"S\u0131cak Dostunuz","article_modified_time":"2022-08-02T08:03:15+00:00","twitter_card":"summary_large_image","twitter_misc":{"Gesch\u00e4tzte Lesezeit":"2\u00a0Minuten"},"schema":{"@context":"https:\/\/schema.org","@graph":[{"@type":"WebPage","@id":"https:\/\/pres-is.com\/is-ve-egitim\/","url":"https:\/\/pres-is.com\/is-ve-egitim\/","name":"[:tr]\u0130\u015e VE E\u011e\u0130T\u0130M[:en]WORK & EDUCATION:[:de]JOBS & AUSBILDUNG[:] - S\u0131cak Dostunuz","isPartOf":{"@id":"https:\/\/pres-is.com\/tr\/#website"},"datePublished":"2021-12-23T14:49:48+00:00","dateModified":"2022-08-02T08:03:15+00:00","breadcrumb":{"@id":"https:\/\/pres-is.com\/is-ve-egitim\/#breadcrumb"},"inLanguage":"de","potentialAction":[{"@type":"ReadAction","target":["https:\/\/pres-is.com\/is-ve-egitim\/"]}]},{"@type":"BreadcrumbList","@id":"https:\/\/pres-is.com\/is-ve-egitim\/#breadcrumb","itemListElement":[{"@type":"ListItem","position":1,"name":"Anasayfa","item":"https:\/\/pres-is.com\/"},{"@type":"ListItem","position":2,"name":"\u0130\u015e VE E\u011e\u0130T\u0130M"}]},{"@type":"WebSite","@id":"https:\/\/pres-is.com\/tr\/#website","url":"https:\/\/pres-is.com\/tr\/","name":"S\u0131cak Dostunuz","description":"\u00dcretim Zaman\u0131","potentialAction":[{"@type":"SearchAction","target":{"@type":"EntryPoint","urlTemplate":"https:\/\/pres-is.com\/tr\/?s={search_term_string}"},"query-input":"required name=search_term_string"}],"inLanguage":"de"}]}},"_links":{"self":[{"href":"https:\/\/pres-is.com\/de\/wp-json\/wp\/v2\/pages\/181"}],"collection":[{"href":"https:\/\/pres-is.com\/de\/wp-json\/wp\/v2\/pages"}],"about":[{"href":"https:\/\/pres-is.com\/de\/wp-json\/wp\/v2\/types\/page"}],"author":[{"embeddable":true,"href":"https:\/\/pres-is.com\/de\/wp-json\/wp\/v2\/users\/2"}],"replies":[{"embeddable":true,"href":"https:\/\/pres-is.com\/de\/wp-json\/wp\/v2\/comments?post=181"}],"version-history":[{"count":24,"href":"https:\/\/pres-is.com\/de\/wp-json\/wp\/v2\/pages\/181\/revisions"}],"predecessor-version":[{"id":1023,"href":"https:\/\/pres-is.com\/de\/wp-json\/wp\/v2\/pages\/181\/revisions\/1023"}],"wp:attachment":[{"href":"https:\/\/pres-is.com\/de\/wp-json\/wp\/v2\/media?parent=181"}],"curies":[{"name":"wp","href":"https:\/\/api.w.org\/{rel}","templated":true}]}}