{"id":119,"date":"2021-11-23T16:37:38","date_gmt":"2021-11-23T13:37:38","guid":{"rendered":"https:\/\/pres-is.com\/?page_id=119"},"modified":"2022-08-02T15:04:40","modified_gmt":"2022-08-02T15:04:40","slug":"katalog","status":"publish","type":"page","link":"https:\/\/pres-is.com\/de\/katalog\/","title":{"rendered":"KATALOG"},"content":{"rendered":"<p>[vc_row][vc_column]<div class=\"fancy_heading fancy_heading_arrows\"><h1 class=\"title\"><i class=\"icon-right-dir\"><\/i>PRODUKT KATALOG<i class=\"icon-left-dir\"><\/i><\/h1><div class=\"inside\">SEIT 1955 W\u00c4RMEN WIR IHR ZUHAUSE MIT LEIDENSCHAFT<\/div><\/div>\n[vc_single_image image=&#8220;633&#8243; img_size=&#8220;full&#8220; alignment=&#8220;center&#8220; onclick=&#8220;custom_link&#8220; link=&#8220;https:\/\/pres-is.com\/wp-content\/uploads\/2022\/08\/Katalog_DE.pdf&#8220;][\/vc_column][\/vc_row][vc_row full_width=&#8220;stretch_row_content&#8220; gap=&#8220;10&#8243; css=&#8220;.vc_custom_1641050889428{padding-top: 50px !important;background-image: url(https:\/\/pres-is.com\/wp-content\/uploads\/2022\/01\/bg-alt-01.jpg?id=484) !important;background-position: center !important;background-repeat: no-repeat !important;background-size: cover !important;}&#8220;][vc_column][vc_row_inner][vc_column_inner width=&#8220;1\/4&#8243;][vc_custom_heading text=&#8220;PRES-\u0130\u015e OFEN&#8220; font_container=&#8220;tag:p|font_size:25|text_align:center|color:%2329a97a&#8220; use_theme_fonts=&#8220;yes&#8220;][vc_wp_custommenu nav_menu=&#8220;43&#8243;][\/vc_column_inner][vc_column_inner width=&#8220;1\/4&#8243;][vc_custom_heading text=&#8220;PRODUKTKATEGORIEN&#8220; font_container=&#8220;tag:p|font_size:25|text_align:left|color:%2329a97a&#8220; use_theme_fonts=&#8220;yes&#8220;][vc_wp_custommenu nav_menu=&#8220;44&#8243;][\/vc_column_inner][vc_column_inner width=&#8220;1\/4&#8243;][vc_custom_heading text=&#8220;PRES-\u0130\u015e &#8220; font_container=&#8220;tag:p|font_size:25|text_align:center|color:%2329a97a&#8220; use_theme_fonts=&#8220;yes&#8220;][vc_wp_custommenu nav_menu=&#8220;42&#8243;][\/vc_column_inner][vc_column_inner width=&#8220;1\/4&#8243;][vc_single_image image=&#8220;122&#8243; img_size=&#8220;full&#8220; alignment=&#8220;center&#8220; css=&#8220;.vc_custom_1643723644992{margin-bottom: 0px !important;border-bottom-width: 0px !important;}&#8220;][vc_column_text]<span style=\"color: #ffffff;\">Wir haben vor 66 Jahren mit der Produktion von Holz\u00f6fen begonnen. Heute hat die 3. Generation \u00fcbernommen und wir tragen weiterhin zu dieser Kunst bei, um Tag f\u00fcr Tag den \u201eTraditionellen Holzofen\u201c mit innovativen Technologien zu produzieren.<\/span>[\/vc_column_text][\/vc_column_inner][\/vc_row_inner][vc_column_text]<\/p>\n<p style=\"text-align: center;\"><span style=\"color: #ffffff;\">\u00a9 Copyright 2021 PRES-\u0130\u015e Industrie- und Handelsgesellschaft f\u00fcr Heizger\u00e4te | Alle Rechte vorbehalten.<\/span><\/p>\n<p>[\/vc_column_text][vc_separator color=&#8220;custom&#8220; style=&#8220;dotted&#8220; border_width=&#8220;2&#8243; el_width=&#8220;90&#8243; accent_color=&#8220;#2aa97a&#8220;][\/vc_column][\/vc_row]<\/p>","protected":false},"excerpt":{"rendered":"<p>[vc_row][vc_column][vc_single_image image=&#8220;633&#8243; img_size=&#8220;full&#8220; alignment=&#8220;center&#8220; onclick=&#8220;custom_link&#8220; link=&#8220;https:\/\/pres-is.com\/wp-content\/uploads\/2022\/08\/Katalog_DE.pdf&#8220;][\/vc_column][\/vc_row][vc_row full_width=&#8220;stretch_row_content&#8220; gap=&#8220;10&#8243; css=&#8220;.vc_custom_1641050889428{padding-top: 50px !important;background-image: url(https:\/\/pres-is.com\/wp-content\/uploads\/2022\/01\/bg-alt-01.jpg?id=484) !important;background-position: center !important;background-repeat: no-repeat !important;background-size: cover !important;}&#8220;][vc_column][vc_row_inner][vc_column_inner width=&#8220;1\/4&#8243;][vc_custom_heading text=&#8220;PRES-\u0130\u015e OFEN&#8220; font_container=&#8220;tag:p|font_size:25|text_align:center|color:%2329a97a&#8220; use_theme_fonts=&#8220;yes&#8220;][vc_wp_custommenu nav_menu=&#8220;43&#8243;][\/vc_column_inner][vc_column_inner width=&#8220;1\/4&#8243;][vc_custom_heading<span class=\"excerpt-hellip\"> [\u2026]<\/span><\/p>\n","protected":false},"author":2,"featured_media":0,"parent":0,"menu_order":0,"comment_status":"closed","ping_status":"closed","template":"","meta":[],"yoast_head":"<!-- This site is optimized with the Yoast SEO plugin v20.4 - https:\/\/yoast.com\/wordpress\/plugins\/seo\/ -->\r\n<title>KATALOG - S\u0131cak Dostunuz<\/title>\r\n<meta name=\"robots\" content=\"index, follow, max-snippet:-1, max-image-preview:large, max-video-preview:-1\" \/>\r\n<link rel=\"canonical\" href=\"https:\/\/pres-is.com\/katalog\/\" \/>\r\n<meta property=\"og:locale\" content=\"de_DE\" \/>\r\n<meta property=\"og:type\" content=\"article\" \/>\r\n<meta property=\"og:title\" content=\"[:tr]KATALOG[:en]CATALOG[:de]KATALOG[:] - S\u0131cak Dostunuz\" \/>\r\n<meta property=\"og:description\" content=\"[vc_row][vc_column][vc_single_image image=&#8220;633&#8243; img_size=&#8220;full&#8220; alignment=&#8220;center&#8220; onclick=&#8220;custom_link&#8220; link=&#8220;https:\/\/pres-is.com\/wp-content\/uploads\/2022\/08\/Katalog_DE.pdf&#8220;][\/vc_column][\/vc_row][vc_row full_width=&#8220;stretch_row_content&#8220; gap=&#8220;10&#8243; css=&#8220;.vc_custom_1641050889428{padding-top: 50px !important;background-image: url(https:\/\/pres-is.com\/wp-content\/uploads\/2022\/01\/bg-alt-01.jpg?id=484) !important;background-position: center !important;background-repeat: no-repeat !important;background-size: cover !important;}&#8220;][vc_column][vc_row_inner][vc_column_inner width=&#8220;1\/4&#8243;][vc_custom_heading text=&#8220;PRES-\u0130\u015e OFEN&#8220; font_container=&#8220;tag:p|font_size:25|text_align:center|color:%2329a97a&#8220; use_theme_fonts=&#8220;yes&#8220;][vc_wp_custommenu nav_menu=&#8220;43&#8243;][\/vc_column_inner][vc_column_inner width=&#8220;1\/4&#8243;][vc_custom_heading [\u2026]\" \/>\r\n<meta property=\"og:url\" content=\"https:\/\/pres-is.com\/katalog\/\" \/>\r\n<meta property=\"og:site_name\" content=\"S\u0131cak Dostunuz\" \/>\r\n<meta property=\"article:modified_time\" content=\"2022-08-02T15:04:40+00:00\" \/>\r\n<meta name=\"twitter:card\" content=\"summary_large_image\" \/>\r\n<meta name=\"twitter:label1\" content=\"Gesch\u00e4tzte Lesezeit\" \/>\n\t<meta name=\"twitter:data1\" content=\"1\u00a0Minute\" \/>\r\n<script type=\"application\/ld+json\" class=\"yoast-schema-graph\">{\"@context\":\"https:\/\/schema.org\",\"@graph\":[{\"@type\":\"WebPage\",\"@id\":\"https:\/\/pres-is.com\/katalog\/\",\"url\":\"https:\/\/pres-is.com\/katalog\/\",\"name\":\"[:tr]KATALOG[:en]CATALOG[:de]KATALOG[:] - S\u0131cak Dostunuz\",\"isPartOf\":{\"@id\":\"https:\/\/pres-is.com\/tr\/#website\"},\"datePublished\":\"2021-11-23T13:37:38+00:00\",\"dateModified\":\"2022-08-02T15:04:40+00:00\",\"breadcrumb\":{\"@id\":\"https:\/\/pres-is.com\/katalog\/#breadcrumb\"},\"inLanguage\":\"de\",\"potentialAction\":[{\"@type\":\"ReadAction\",\"target\":[\"https:\/\/pres-is.com\/katalog\/\"]}]},{\"@type\":\"BreadcrumbList\",\"@id\":\"https:\/\/pres-is.com\/katalog\/#breadcrumb\",\"itemListElement\":[{\"@type\":\"ListItem\",\"position\":1,\"name\":\"Anasayfa\",\"item\":\"https:\/\/pres-is.com\/\"},{\"@type\":\"ListItem\",\"position\":2,\"name\":\"KATALOG\"}]},{\"@type\":\"WebSite\",\"@id\":\"https:\/\/pres-is.com\/tr\/#website\",\"url\":\"https:\/\/pres-is.com\/tr\/\",\"name\":\"S\u0131cak Dostunuz\",\"description\":\"\u00dcretim Zaman\u0131\",\"potentialAction\":[{\"@type\":\"SearchAction\",\"target\":{\"@type\":\"EntryPoint\",\"urlTemplate\":\"https:\/\/pres-is.com\/tr\/?s={search_term_string}\"},\"query-input\":\"required name=search_term_string\"}],\"inLanguage\":\"de\"}]}<\/script>\r\n<!-- \/ Yoast SEO plugin. -->","yoast_head_json":{"title":"[:tr]KATALOG[:en]CATALOG[:de]KATALOG[:] - S\u0131cak Dostunuz","robots":{"index":"index","follow":"follow","max-snippet":"max-snippet:-1","max-image-preview":"max-image-preview:large","max-video-preview":"max-video-preview:-1"},"canonical":"https:\/\/pres-is.com\/katalog\/","og_locale":"de_DE","og_type":"article","og_title":"[:tr]KATALOG[:en]CATALOG[:de]KATALOG[:] - S\u0131cak Dostunuz","og_description":"[vc_row][vc_column][vc_single_image image=&#8220;633&#8243; img_size=&#8220;full&#8220; alignment=&#8220;center&#8220; onclick=&#8220;custom_link&#8220; link=&#8220;https:\/\/pres-is.com\/wp-content\/uploads\/2022\/08\/Katalog_DE.pdf&#8220;][\/vc_column][\/vc_row][vc_row full_width=&#8220;stretch_row_content&#8220; gap=&#8220;10&#8243; css=&#8220;.vc_custom_1641050889428{padding-top: 50px !important;background-image: url(https:\/\/pres-is.com\/wp-content\/uploads\/2022\/01\/bg-alt-01.jpg?id=484) !important;background-position: center !important;background-repeat: no-repeat !important;background-size: cover !important;}&#8220;][vc_column][vc_row_inner][vc_column_inner width=&#8220;1\/4&#8243;][vc_custom_heading text=&#8220;PRES-\u0130\u015e OFEN&#8220; font_container=&#8220;tag:p|font_size:25|text_align:center|color:%2329a97a&#8220; use_theme_fonts=&#8220;yes&#8220;][vc_wp_custommenu nav_menu=&#8220;43&#8243;][\/vc_column_inner][vc_column_inner width=&#8220;1\/4&#8243;][vc_custom_heading [\u2026]","og_url":"https:\/\/pres-is.com\/katalog\/","og_site_name":"S\u0131cak Dostunuz","article_modified_time":"2022-08-02T15:04:40+00:00","twitter_card":"summary_large_image","twitter_misc":{"Gesch\u00e4tzte Lesezeit":"1\u00a0Minute"},"schema":{"@context":"https:\/\/schema.org","@graph":[{"@type":"WebPage","@id":"https:\/\/pres-is.com\/katalog\/","url":"https:\/\/pres-is.com\/katalog\/","name":"[:tr]KATALOG[:en]CATALOG[:de]KATALOG[:] - S\u0131cak Dostunuz","isPartOf":{"@id":"https:\/\/pres-is.com\/tr\/#website"},"datePublished":"2021-11-23T13:37:38+00:00","dateModified":"2022-08-02T15:04:40+00:00","breadcrumb":{"@id":"https:\/\/pres-is.com\/katalog\/#breadcrumb"},"inLanguage":"de","potentialAction":[{"@type":"ReadAction","target":["https:\/\/pres-is.com\/katalog\/"]}]},{"@type":"BreadcrumbList","@id":"https:\/\/pres-is.com\/katalog\/#breadcrumb","itemListElement":[{"@type":"ListItem","position":1,"name":"Anasayfa","item":"https:\/\/pres-is.com\/"},{"@type":"ListItem","position":2,"name":"KATALOG"}]},{"@type":"WebSite","@id":"https:\/\/pres-is.com\/tr\/#website","url":"https:\/\/pres-is.com\/tr\/","name":"S\u0131cak Dostunuz","description":"\u00dcretim Zaman\u0131","potentialAction":[{"@type":"SearchAction","target":{"@type":"EntryPoint","urlTemplate":"https:\/\/pres-is.com\/tr\/?s={search_term_string}"},"query-input":"required name=search_term_string"}],"inLanguage":"de"}]}},"_links":{"self":[{"href":"https:\/\/pres-is.com\/de\/wp-json\/wp\/v2\/pages\/119"}],"collection":[{"href":"https:\/\/pres-is.com\/de\/wp-json\/wp\/v2\/pages"}],"about":[{"href":"https:\/\/pres-is.com\/de\/wp-json\/wp\/v2\/types\/page"}],"author":[{"embeddable":true,"href":"https:\/\/pres-is.com\/de\/wp-json\/wp\/v2\/users\/2"}],"replies":[{"embeddable":true,"href":"https:\/\/pres-is.com\/de\/wp-json\/wp\/v2\/comments?post=119"}],"version-history":[{"count":18,"href":"https:\/\/pres-is.com\/de\/wp-json\/wp\/v2\/pages\/119\/revisions"}],"predecessor-version":[{"id":1043,"href":"https:\/\/pres-is.com\/de\/wp-json\/wp\/v2\/pages\/119\/revisions\/1043"}],"wp:attachment":[{"href":"https:\/\/pres-is.com\/de\/wp-json\/wp\/v2\/media?parent=119"}],"curies":[{"name":"wp","href":"https:\/\/api.w.org\/{rel}","templated":true}]}}